{"id":7,"date":"2024-01-24T13:11:25","date_gmt":"2024-01-24T13:11:25","guid":{"rendered":"https:\/\/www.im-kerngesund.de\/?page_id=7"},"modified":"2026-02-06T15:52:47","modified_gmt":"2026-02-06T15:52:47","slug":"impressum","status":"publish","type":"page","link":"https:\/\/www.im-kerngesund.de\/index.php\/impressum\/","title":{"rendered":"Impressum"},"content":{"rendered":"\t\t<div data-elementor-type=\"wp-page\" data-elementor-id=\"7\" class=\"elementor elementor-7\" data-elementor-post-type=\"page\">\n\t\t\t\t<div class=\"elementor-element elementor-element-332c6c1 e-flex e-con-boxed e-con e-parent\" data-id=\"332c6c1\" data-element_type=\"container\">\n\t\t\t\t\t<div class=\"e-con-inner\">\n\t\t<div class=\"elementor-element elementor-element-4981ef1 e-con-full e-flex e-con e-child\" data-id=\"4981ef1\" data-element_type=\"container\">\n\t\t\t\t<\/div>\n\t\t<div class=\"elementor-element elementor-element-9c9957c e-con-full e-flex e-con e-child\" data-id=\"9c9957c\" data-element_type=\"container\">\n\t\t\t\t<div class=\"elementor-element elementor-element-b9781b6 elementor-widget elementor-widget-text-editor\" data-id=\"b9781b6\" data-element_type=\"widget\" data-widget_type=\"text-editor.default\">\n\t\t\t\t<div class=\"elementor-widget-container\">\n\t\t\t\t\t\t\t<p style=\"text-align: left;\">Tina Akua Reimer<br \/>Allerm\u00f6her Deich 370<br \/>21037 Hamburg<\/p>\t\t\t\t\t\t<\/div>\n\t\t\t\t<\/div>\n\t\t\t\t<div class=\"elementor-element elementor-element-8507ebe elementor-widget elementor-widget-text-editor\" data-id=\"8507ebe\" data-element_type=\"widget\" data-widget_type=\"text-editor.default\">\n\t\t\t\t<div class=\"elementor-widget-container\">\n\t\t\t\t\t\t\t<p style=\"text-align: left;\">Miriam Kleist<br \/>Schneewittchenweg 24<br \/>22119 Hamburg<\/p>\t\t\t\t\t\t<\/div>\n\t\t\t\t<\/div>\n\t\t\t\t<div class=\"elementor-element elementor-element-204ad31 elementor-widget elementor-widget-text-editor\" data-id=\"204ad31\" data-element_type=\"widget\" data-widget_type=\"text-editor.default\">\n\t\t\t\t<div class=\"elementor-widget-container\">\n\t\t\t\t\t\t\t<p>Telefon: 0170 73 11 484\u00a0\u00a0<br \/>Email: info@im-kerngesund.de<\/p><p>Haftungsausschluss \u2013 Disclaimer:<br \/>Haftung f\u00fcr Inhalte<br \/>Die Inhalte unserer Webseite wurden mit gr\u00f6\u00dftm\u00f6glicher Sorgfalt erstellt. F\u00fcr die<br \/>Richtigkeit, Vollst\u00e4ndigkeit und Aktualit\u00e4t der Inhalte k\u00f6nnen wir jedoch keine<br \/>Gew\u00e4hr \u00fcbernehmen. Als Diensteanbieter sind wir gem\u00e4\u00df \u00a7 7 Abs.1 TMG f\u00fcr<br \/>eigene Inhalte auf diesen Seiten nach den allgemeinen Gesetzen verantwortlich.<br \/>Nach \u00a7\u00a7 8 bis 10 TMG sind wir als Diensteanbieter jedoch nicht verpflichtet,<br \/>\u00fcbermittelte oder gespeicherte fremde Informationen zu \u00fcberwachen oder nach<br \/>Umst\u00e4nden zu forschen, die auf eine rechtswidrige T\u00e4tigkeit hinweisen.<br \/>Verpflichtungen zur Entfernung oder Sperrung der Nutzung von Informationen<br \/>nach den allgemeinen Gesetzen bleiben hiervon unber\u00fchrt.<br \/>Eine diesbez\u00fcgliche Haftung ist jedoch erst ab dem Zeitpunkt der Kenntnis einer<br \/>konkreten Rechtsverletzung m\u00f6glich. Bei Bekanntwerden von entsprechenden<br \/>Rechtsverletzungen werden wir diese Inhalte umgehend entfernen.<\/p><p>Haftungsbeschr\u00e4nkung f\u00fcr externe Links<br \/>Unsere Webseite enth\u00e4lt Links zu externen Webseiten Dritter, auf deren Inhalte<br \/>wir keinen Einfluss haben. Daher k\u00f6nnen wir f\u00fcr diese fremden Inhalte auch<br \/>keine Gew\u00e4hr \u00fcbernehmen. F\u00fcr die Inhalte der verlinkten Seiten ist stets der<br \/>jeweilige Anbieter oder Betreiber der Seiten verantwortlich.<br \/>Die verlinkten Seiten wurden zum Zeitpunkt der Verlinkung auf m\u00f6gliche<br \/>Rechtsverst\u00f6\u00dfe \u00fcberpr\u00fcft. Rechtswidrige Inhalte waren zum Zeitpunkt der<br \/>Verlinkung nicht erkennbar. Eine permanente inhaltliche Kontrolle der verlinkten<br \/>Seiten ist jedoch ohne konkrete Anhaltspunkte einer Rechtsverletzung nicht<br \/>zumutbar. Bei Bekanntwerden von Rechtsverletzungen werden wir derartige<br \/>Links umgehend entfernen.<\/p><p>Urheberrecht<br \/>Die durch die Seitenbetreiber erstellten Inhalte und Werke auf diesen Seiten<br \/>unterliegen dem deutschen Urheberrecht. Die Vervielf\u00e4ltigung, Bearbeitung,<br \/>Verbreitung und jede Art der Verwertung au\u00dferhalb der Grenzen des<br \/>Urheberrechts bed\u00fcrfen der schriftlichen Zustimmung des jeweiligen Autors<br \/>bzw. Erstellers. Downloads und Kopien dieser Seite sind nur f\u00fcr den privaten,<br \/>nicht kommerziellen Gebrauch gestattet.<br \/>Soweit die Inhalte auf dieser Seite nicht vom Betreiber erstellt wurden, werden<br \/>die Urheberrechte Dritter beachtet. Insbesondere werden Inhalte Dritter als<br \/>solche gekennzeichnet. Sollten Sie trotzdem auf eine Urheberrechtsverletzung<br \/>aufmerksam werden, bitten wir um einen entsprechenden Hinweis. Bei<br \/>Bekanntwerden von Rechtsverletzungen werden wir derartige Inhalte umgehend<br \/>entfernen.<\/p><p>Kostenlose Vertragsvorlage von JuraRat.de<br \/>Alle Angaben ohne Gew\u00e4hr<\/p>\t\t\t\t\t\t<\/div>\n\t\t\t\t<\/div>\n\t\t\t\t<\/div>\n\t\t<div class=\"elementor-element elementor-element-f1a9504 e-con-full e-flex e-con e-child\" data-id=\"f1a9504\" data-element_type=\"container\">\n\t\t\t\t<\/div>\n\t\t\t\t\t<\/div>\n\t\t\t\t<\/div>\n\t\t\t\t<\/div>\n\t\t","protected":false},"excerpt":{"rendered":"<p>Tina Akua ReimerAllerm\u00f6her Deich 37021037 Hamburg Miriam KleistSchneewittchenweg 2422119 Hamburg Telefon: 0170 73 11 484\u00a0\u00a0Email: info@im-kerngesund.de Haftungsausschluss \u2013 Disclaimer:Haftung f\u00fcr InhalteDie Inhalte unserer Webseite wurden mit gr\u00f6\u00dftm\u00f6glicher Sorgfalt erstellt. F\u00fcr dieRichtigkeit, Vollst\u00e4ndigkeit und Aktualit\u00e4t der Inhalte k\u00f6nnen wir jedoch keineGew\u00e4hr \u00fcbernehmen. Als Diensteanbieter sind wir gem\u00e4\u00df \u00a7 7 Abs.1 TMG f\u00fcreigene Inhalte auf diesen Seiten [&hellip;]<\/p>\n","protected":false},"author":1,"featured_media":0,"parent":0,"menu_order":0,"comment_status":"closed","ping_status":"closed","template":"","meta":{"rank_math_lock_modified_date":false,"footnotes":""},"class_list":["post-7","page","type-page","status-publish","hentry","entry"],"_links":{"self":[{"href":"https:\/\/www.im-kerngesund.de\/index.php\/wp-json\/wp\/v2\/pages\/7","targetHints":{"allow":["GET"]}}],"collection":[{"href":"https:\/\/www.im-kerngesund.de\/index.php\/wp-json\/wp\/v2\/pages"}],"about":[{"href":"https:\/\/www.im-kerngesund.de\/index.php\/wp-json\/wp\/v2\/types\/page"}],"author":[{"embeddable":true,"href":"https:\/\/www.im-kerngesund.de\/index.php\/wp-json\/wp\/v2\/users\/1"}],"replies":[{"embeddable":true,"href":"https:\/\/www.im-kerngesund.de\/index.php\/wp-json\/wp\/v2\/comments?post=7"}],"version-history":[{"count":22,"href":"https:\/\/www.im-kerngesund.de\/index.php\/wp-json\/wp\/v2\/pages\/7\/revisions"}],"predecessor-version":[{"id":1164,"href":"https:\/\/www.im-kerngesund.de\/index.php\/wp-json\/wp\/v2\/pages\/7\/revisions\/1164"}],"wp:attachment":[{"href":"https:\/\/www.im-kerngesund.de\/index.php\/wp-json\/wp\/v2\/media?parent=7"}],"curies":[{"name":"wp","href":"https:\/\/api.w.org\/{rel}","templated":true}]}}