{"id":154,"date":"2024-01-26T11:07:09","date_gmt":"2024-01-26T11:07:09","guid":{"rendered":"https:\/\/www.im-kerngesund.de\/?page_id=154"},"modified":"2024-04-21T18:08:37","modified_gmt":"2024-04-21T18:08:37","slug":"datenschutz","status":"publish","type":"page","link":"https:\/\/www.im-kerngesund.de\/index.php\/datenschutz\/","title":{"rendered":"Datenschutz"},"content":{"rendered":"\t\t<div data-elementor-type=\"wp-page\" data-elementor-id=\"154\" class=\"elementor elementor-154\" data-elementor-post-type=\"page\">\n\t\t\t\t<div class=\"elementor-element elementor-element-a04649a e-flex e-con-boxed e-con e-parent\" data-id=\"a04649a\" data-element_type=\"container\">\n\t\t\t\t\t<div class=\"e-con-inner\">\n\t\t\t\t<div class=\"elementor-element elementor-element-0d62164 elementor-widget elementor-widget-text-editor\" data-id=\"0d62164\" data-element_type=\"widget\" data-widget_type=\"text-editor.default\">\n\t\t\t\t<div class=\"elementor-widget-container\">\n\t\t\t\t\t\t\t<h1>Datenschutzerkl\u00e4rung<\/h1>\n<h2>Allgemeiner Hinweis und Pflichtinformationen<\/h2>\n<h3>Benennung der verantwortlichen Stelle<\/h3>\n<p>Die verantwortliche Stelle f\u00fcr die Datenverarbeitung auf dieser Website ist:<\/p>\n<p><span id=\"s3-t-firma\">Agentur Tina Akua Reimer<\/span><br><span id=\"s3-t-ansprechpartner\">Tina Akua Reimer<\/span><br><span id=\"s3-t-strasse\">Allerm\u00f6her Decih 370 <\/span><br><span id=\"s3-t-plz\">21037<\/span> <span id=\"s3-t-ort\">Hamburg<\/span><\/p>\n<p>Die verantwortliche Stelle entscheidet allein oder gemeinsam mit anderen \u00fcber die Zwecke und Mittel der Verarbeitung von personenbezogenen Daten (z.B. Namen, Kontaktdaten o. \u00c4.).<\/p>\n<h3>Widerruf Ihrer Einwilligung zur Datenverarbeitung<\/h3>\n<p>Nur mit Ihrer ausdr\u00fccklichen Einwilligung sind einige Vorg\u00e4nge der Datenverarbeitung m\u00f6glich. Ein Widerruf Ihrer bereits erteilten Einwilligung ist jederzeit m\u00f6glich. F\u00fcr den Widerruf gen\u00fcgt eine formlose Mitteilung per E-Mail. Die Rechtm\u00e4\u00dfigkeit der bis zum Widerruf erfolgten Datenverarbeitung bleibt vom Widerruf unber\u00fchrt.<\/p>\n<h3>Recht auf Beschwerde bei der zust\u00e4ndigen Aufsichtsbeh\u00f6rde<\/h3>\n<p>Als Betroffener steht Ihnen im Falle eines datenschutzrechtlichen Versto\u00dfes ein Beschwerderecht bei der zust\u00e4ndigen Aufsichtsbeh\u00f6rde zu. Zust\u00e4ndige Aufsichtsbeh\u00f6rde bez\u00fcglich datenschutzrechtlicher Fragen ist der Landesdatenschutzbeauftragte des Bundeslandes, in dem sich der Sitz unseres Unternehmens befindet. Der folgende Link stellt eine Liste der Datenschutzbeauftragten sowie deren Kontaktdaten bereit: <a href=\"https:\/\/www.bfdi.bund.de\/DE\/Infothek\/Anschriften_Links\/anschriften_links-node.html\" target=\"_blank\" rel=\"noopener\">https:\/\/www.bfdi.bund.de\/DE\/Infothek\/Anschriften_Links\/anschriften_links-node.html<\/a>.<\/p>\n<h3>Recht auf Daten\u00fcbertragbarkeit<\/h3>\n<p>Ihnen steht das Recht zu, Daten, die wir auf Grundlage Ihrer Einwilligung oder in Erf\u00fcllung eines Vertrags automatisiert verarbeiten, an sich oder an Dritte aush\u00e4ndigen zu lassen. Die Bereitstellung erfolgt in einem maschinenlesbaren Format. Sofern Sie die direkte \u00dcbertragung der Daten an einen anderen Verantwortlichen verlangen, erfolgt dies nur, soweit es technisch machbar ist.<\/p>\n<h3>Recht auf Auskunft, Berichtigung, Sperrung, L\u00f6schung<\/h3>\n<p>Sie haben jederzeit im Rahmen der geltenden gesetzlichen Bestimmungen das Recht auf unentgeltliche Auskunft \u00fcber Ihre gespeicherten personenbezogenen Daten, Herkunft der Daten, deren Empf\u00e4nger und den Zweck der Datenverarbeitung und ggf. ein Recht auf Berichtigung, Sperrung oder L\u00f6schung dieser Daten. Diesbez\u00fcglich und auch zu weiteren Fragen zum Thema personenbezogene Daten k\u00f6nnen Sie sich jederzeit \u00fcber die im Impressum aufgef\u00fchrten Kontaktm\u00f6glichkeiten an uns wenden.<\/p>\n<h3>SSL- bzw. TLS-Verschl\u00fcsselung<\/h3>\n<p>Aus Sicherheitsgr\u00fcnden und zum Schutz der \u00dcbertragung vertraulicher Inhalte, die Sie an uns als Seitenbetreiber senden, nutzt unsere Website eine SSL-bzw. TLS-Verschl\u00fcsselung. Damit sind Daten, die Sie \u00fcber diese Website \u00fcbermitteln, f\u00fcr Dritte nicht mitlesbar. Sie erkennen eine verschl\u00fcsselte Verbindung an der \u201ehttps:\/\/\u201c Adresszeile Ihres Browsers und am Schloss-Symbol in der Browserzeile.<\/p>\n\n<h2>Server-Log-Dateien<\/h2>\n<p>In Server-Log-Dateien erhebt und speichert der Provider der Website automatisch Informationen, die Ihr Browser automatisch an uns \u00fcbermittelt. Dies sind:<\/p>\n<ul>\n<li>\n<p>Besuchte Seite auf unserer Domain<\/p>\n<\/li>\n<li>\n<p>Datum und Uhrzeit der Serveranfrage<\/p>\n<\/li>\n<li>\n<p>Browsertyp und Browserversion<\/p>\n<\/li>\n<li>\n<p>Verwendetes Betriebssystem<\/p>\n<\/li>\n<li>\n<p>Referrer URL<\/p>\n<\/li>\n<li>\n<p>Hostname des zugreifenden Rechners<\/p>\n<\/li>\n<li>\n<p>IP-Adresse<\/p>\n<\/li>\n<\/ul>\n<p>Es findet keine Zusammenf\u00fchrung dieser Daten mit anderen Datenquellen statt. Grundlage der Datenverarbeitung bildet Art. 6 Abs. 1 lit. b DSGVO, der die Verarbeitung von Daten zur Erf\u00fcllung eines Vertrags oder vorvertraglicher Ma\u00dfnahmen gestattet.<\/p>\n\n<h2>Kontaktformular<\/h2>\n<p>Per Kontaktformular \u00fcbermittelte Daten werden einschlie\u00dflich Ihrer Kontaktdaten gespeichert, um Ihre Anfrage bearbeiten zu k\u00f6nnen oder um f\u00fcr Anschlussfragen bereitzustehen. Eine Weitergabe dieser Daten findet ohne Ihre Einwilligung nicht statt.<\/p>\n<p>Die Verarbeitung der in das Kontaktformular eingegebenen Daten erfolgt ausschlie\u00dflich auf Grundlage Ihrer Einwilligung (Art. 6 Abs. 1 lit. a DSGVO). Ein Widerruf Ihrer bereits erteilten Einwilligung ist jederzeit m\u00f6glich. F\u00fcr den Widerruf gen\u00fcgt eine formlose Mitteilung per E-Mail. Die Rechtm\u00e4\u00dfigkeit der bis zum Widerruf erfolgten Datenverarbeitungsvorg\u00e4nge bleibt vom Widerruf unber\u00fchrt.<\/p>\n<p>\u00dcber das Kontaktformular \u00fcbermittelte Daten verbleiben bei uns, bis Sie uns zur L\u00f6schung auffordern, Ihre Einwilligung zur Speicherung widerrufen oder keine Notwendigkeit der Datenspeicherung mehr besteht. Zwingende gesetzliche Bestimmungen &#8211; insbesondere Aufbewahrungsfristen &#8211; bleiben unber\u00fchrt.<\/p>\n\n<h2>Speicherdauer von Beitr\u00e4gen und Kommentaren<\/h2>\n<p>Beitr\u00e4ge und Kommentare sowie damit in Verbindung stehende Daten, wie beispielsweise IP-Adressen, werden gespeichert. Der Inhalt verbleibt auf unserer Website, bis er vollst\u00e4ndig gel\u00f6scht wurde oder aus rechtlichen Gr\u00fcnden gel\u00f6scht werden musste.<\/p>\n<p>Die Speicherung der Beitr\u00e4ge und Kommentare erfolgt auf Grundlage Ihrer Einwilligung (Art. 6 Abs. 1 lit. a DSGVO). Ein Widerruf Ihrer bereits erteilten Einwilligung ist jederzeit m\u00f6glich. F\u00fcr den Widerruf gen\u00fcgt eine formlose Mitteilung per E-Mail. Die Rechtm\u00e4\u00dfigkeit bereits erfolgter Datenverarbeitungsvorg\u00e4nge bleibt vom Widerruf unber\u00fchrt.<\/p>\n\n<h2>Cookies<\/h2>\n<p>Unsere Website verwendet Cookies. Das sind kleine Textdateien, die Ihr Webbrowser auf Ihrem Endger\u00e4t speichert. Cookies helfen uns dabei, unser Angebot nutzerfreundlicher, effektiver und sicherer zu machen.<\/p>\n<p>Einige Cookies sind \u201cSession-Cookies.\u201d Solche Cookies werden nach Ende Ihrer Browser-Sitzung von selbst gel\u00f6scht. Hingegen bleiben andere Cookies auf Ihrem Endger\u00e4t bestehen, bis Sie diese selbst l\u00f6schen. Solche Cookies helfen uns, Sie bei R\u00fcckkehr auf unserer Website wiederzuerkennen.<\/p>\n<p>Mit einem modernen Webbrowser k\u00f6nnen Sie das Setzen von Cookies \u00fcberwachen, einschr\u00e4nken oder unterbinden. Viele Webbrowser lassen sich so konfigurieren, dass Cookies mit dem Schlie\u00dfen des Programms von selbst gel\u00f6scht werden. Die Deaktivierung von Cookies kann eine eingeschr\u00e4nkte Funktionalit\u00e4t unserer Website zur Folge haben.<\/p>\n<p>Das Setzen von Cookies, die zur Aus\u00fcbung elektronischer Kommunikationsvorg\u00e4nge oder der Bereitstellung bestimmter, von Ihnen erw\u00fcnschter Funktionen (z.B. Warenkorb) notwendig sind, erfolgt auf Grundlage von Art. 6 Abs. 1 lit. f DSGVO. Als Betreiber dieser Website haben wir ein berechtigtes Interesse an der Speicherung von Cookies zur technisch fehlerfreien und reibungslosen Bereitstellung unserer Dienste. Sofern die Setzung anderer Cookies (z.B. f\u00fcr Analyse-Funktionen) erfolgt, werden diese in dieser Datenschutzerkl\u00e4rung separat behandelt.<\/p>\n\n<h2>YouTube Videos<\/h2>\n<h3>Art und Umfang der Verarbeitung<\/h3>\n<p>Wir haben auf unserer Website YouTube Video integriert. YouTube Video ist eine Komponente der Videoplattform der YouTube, LLC, auf der Nutzer Inhalte hochladen, \u00fcber das Internet teilen und detaillierte Statistiken erhalten k\u00f6nnen. YouTube Video erm\u00f6glicht es uns, Inhalte der Plattform in unsere Website zu integrieren.<\/p>\n<p>YouTube Video nutzt Cookies und weitere Browser-Technologien um Nutzerverhalten auszuwerten, Nutzer wiederzuerkennen und Nutzerprofile zu erstellen. Diese Informationen werden unter anderem genutzt, um die Aktivit\u00e4t der angeh\u00f6rten Inhalte zu analysieren und Berichte zu erstellen. Wenn ein Nutzer bei YouTube, LLC registriert ist, kann YouTube Video die abgespielten Videos dem Profil zuordnen.<\/p>\n<p>Wenn Sie auf diese Inhalte zugreifen, stellen Sie eine Verbindung zu Servern der YouTube, LLC, Google Ireland Limited, Gordon House, Barrow Street Dublin 4 Irland her, wobei Ihre IP-Adresse und ggf. Browserdaten wie Ihr User-Agent \u00fcbermittelt werden.<\/p>\n<h3>Zweck und Rechtsgrundlage<\/h3>\n<p>Die Nutzung des Dienstes erfolgt auf Grundlage Ihrer Einwilligung gem\u00e4\u00df Art. 6 Abs. 1 lit. a. DSGVO und \u00a7 25 Abs. 1 TTDSG.<\/p>\n<p>Wir beabsichtigen personenbezogenen Daten an Drittl\u00e4nder au\u00dferhalb des Europ\u00e4ischen Wirtschaftsraums, insbesondere die USA, zu \u00fcbermitteln. In F\u00e4llen, in denen kein Angemessenheitsbeschluss der Europ\u00e4ischen Kommission existiert (z.B. in den USA) haben wir mit den Empf\u00e4ngern der Daten anderweitige geeignete Garantien im Sinne der Art. 44 ff. DSGVO vereinbart. Dies sind \u2013 sofern nicht anders angegeben \u2013 Standardvertragsklauseln der EU-Kommission gem\u00e4\u00df Durchf\u00fchrungsbeschluss (EU) 2021\/914 vom 4. Juni 2021. Eine Kopie dieser Standardvertragsklauseln k\u00f6nnen Sie unter <a href=\"https:\/\/eur-lex.europa.eu\/legal-content\/DE\/TXT\/HTML\/?uri=CELEX:32021D0914&#038;from=DE\" target=\"_blank\" rel=\"noopener\">https:\/\/eur-lex.europa.eu\/legal-content\/DE\/TXT\/HTML\/?uri=CELEX:32021D0914&#038;from=DE<\/a> einsehen.<\/p>\n<p>Zudem holen wir vor einem solchen Drittlandtransfer Ihre Einwilligung nach Art. 49 Abs. 1 Satz 1 lit. a. DSGVO ein, die Sie \u00fcber die Einwilligung im Consent Manager (oder sonstigen Formularen, Registrierungen etc.) erteilen. Wir weisen Sie darauf hin, dass bei Drittland\u00fcbermittlungen im Detail unbekannte Risiken (z.B. die Datenverarbeitung durch Sicherheitsbeh\u00f6rden des Drittlandes, deren genauer Umfang und deren Folgen f\u00fcr Sie wir nicht kennen, auf die wir keinen Einfluss haben und von denen Sie unter Umst\u00e4nden keine Kenntnis erlangen) bestehen k\u00f6nnen.<\/p>\n<h3>Speicherdauer<\/h3>\n<p>Die konkrete Speicherdauer der verarbeiteten Daten ist nicht durch uns beeinflussbar, sondern wird von YouTube, LLC bestimmt. Weitere Hinweise finden Sie in der Datenschutzerkl\u00e4rung f\u00fcr YouTube Video: <a href=\"https:\/\/policies.google.com\/privacy\" target=\"_blank\" rel=\"noopener\">https:\/\/policies.google.com\/privacy<\/a>.<\/p>\n\n<h2>Google Analytics<\/h2>\n<h3>Art und Umfang der Verarbeitung<\/h3>\n<p>Wir verwenden Google Analytics von Google Ireland Limited, Gordon House, Barrow Street, Dublin 4, Irland, als Analysedienst zur statistischen Auswertung unseres Onlineangebotes. Diese umfasst beispielsweise die Anzahl der Aufrufe unseres Onlineangebotes, besuchte Unterseiten und die Verweildauer von Besuchern. Google Analytics nutzt Cookies und weitere Browser-Technologien, um Nutzerverhalten auszuwerten und Nutzer wiederzuerkennen. Diese Informationen werden unter anderem genutzt, um Berichte \u00fcber die Aktivit\u00e4t der Website zusammenzustellen.<\/p>\n<h3>Zweck und Rechtsgrundlage<\/h3>\n<p>Der Einsatz von Google Analytics erfolgt auf Grundlage Ihrer Einwilligung gem\u00e4\u00df Art. 6 Abs. 1 lit. a. DSGVO und \u00a7 25 Abs. 1 TTDSG.<\/p>\n<p>Wir beabsichtigen personenbezogenen Daten an Drittl\u00e4nder au\u00dferhalb des Europ\u00e4ischen Wirtschaftsraums, insbesondere die USA, zu \u00fcbermitteln. In F\u00e4llen, in denen kein Angemessenheitsbeschluss der Europ\u00e4ischen Kommission existiert (z.B. in den USA) haben wir mit den Empf\u00e4ngern der Daten anderweitige geeignete Garantien im Sinne der Art. 44 ff. DSGVO vereinbart. Dies sind \u2013 sofern nicht anders angegeben \u2013 Standardvertragsklauseln der EU-Kommission gem\u00e4\u00df Durchf\u00fchrungsbeschluss (EU) 2021\/914 vom 4. Juni 2021. Eine Kopie dieser Standardvertragsklauseln k\u00f6nnen Sie unter <a href=\"https:\/\/eur-lex.europa.eu\/legal-content\/DE\/TXT\/HTML\/?uri=CELEX:32021D0914&#038;from=DE\" target=\"_blank\" rel=\"noopener\">https:\/\/eur-lex.europa.eu\/legal-content\/DE\/TXT\/HTML\/?uri=CELEX:32021D0914&#038;from=DE<\/a> einsehen.<\/p>\n<p>Zudem holen wir vor einem solchen Drittlandtransfer Ihre Einwilligung nach Art. 49 Abs. 1 Satz 1 lit. a. DSGVO ein, die Sie \u00fcber die Einwilligung im Consent Manager (oder sonstigen Formularen, Registrierungen etc.) erteilen. Wir weisen Sie darauf hin, dass bei Drittland\u00fcbermittlungen im Detail unbekannte Risiken (z.B. die Datenverarbeitung durch Sicherheitsbeh\u00f6rden des Drittlandes, deren genauer Umfang und deren Folgen f\u00fcr Sie wir nicht kennen, auf die wir keinen Einfluss haben und von denen Sie unter Umst\u00e4nden keine Kenntnis erlangen) bestehen k\u00f6nnen.<\/p>\n<h3>Speicherdauer<\/h3>\n<p>Die konkrete Speicherdauer der verarbeiteten Daten ist nicht durch uns beeinflussbar, sondern wird von Google Ireland Limited bestimmt. Weitere Hinweise finden Sie in der Datenschutzerkl\u00e4rung f\u00fcr Google Analytics: <a href=\"https:\/\/policies.google.com\/privacy\" target=\"_blank\" rel=\"noopener\">https:\/\/policies.google.com\/privacy<\/a>.<\/p>\n\n<h2>Google Maps<\/h2>\n<h3>Art und Umfang der Verarbeitung<\/h3>\n<p>Wir verwenden zur Erstellung von Anfahrtsbeschreibungen den Kartendienst Google Maps. Google Maps ist ein Dienst der Google Ireland Limited, welcher auf unserer Website eine Karte darstellt. Wenn Sie auf diese Inhalte unserer Website zugreifen, stellen Sie eine Verbindung zu Servern der Google Ireland Limited, Gordon House, Barrow Street, Dublin 4, Irland her, wobei Ihre IP-Adresse und ggf. Browserdaten wie Ihr User-Agent \u00fcbermittelt werden. Diese Daten werden ausschlie\u00dflich zu den oben genannten Zwecken und zur Aufrechterhaltung der Sicherheit und Funktionalit\u00e4t von Google Maps verarbeitet.<\/p>\n<h3>Zweck und Rechtsgrundlage<\/h3>\n<p>Der Einsatz von Google Maps erfolgt auf Grundlage Ihrer Einwilligung gem\u00e4\u00df Art. 6 Abs. 1 lit. a. DSGVO und \u00a7 25 Abs. 1 TTDSG.<\/p>\n<p>Wir beabsichtigen personenbezogenen Daten an Drittl\u00e4nder au\u00dferhalb des Europ\u00e4ischen Wirtschaftsraums, insbesondere die USA, zu \u00fcbermitteln. In F\u00e4llen, in denen kein Angemessenheitsbeschluss der Europ\u00e4ischen Kommission existiert (z.B. in den USA) haben wir mit den Empf\u00e4ngern der Daten anderweitige geeignete Garantien im Sinne der Art. 44 ff. DSGVO vereinbart. Dies sind \u2013 sofern nicht anders angegeben \u2013 Standardvertragsklauseln der EU-Kommission gem\u00e4\u00df Durchf\u00fchrungsbeschluss (EU) 2021\/914 vom 4. Juni 2021. Eine Kopie dieser Standardvertragsklauseln k\u00f6nnen Sie unter <a href=\"https:\/\/eur-lex.europa.eu\/legal-content\/DE\/TXT\/HTML\/?uri=CELEX:32021D0914&#038;from=DE\" target=\"_blank\" rel=\"noopener\">https:\/\/eur-lex.europa.eu\/legal-content\/DE\/TXT\/HTML\/?uri=CELEX:32021D0914&#038;from=DE<\/a> einsehen.<\/p>\n<p>Zudem holen wir vor einem solchen Drittlandtransfer Ihre Einwilligung nach Art. 49 Abs. 1 Satz 1 lit. a. DSGVO ein, die Sie \u00fcber die Einwilligung im Consent Manager (oder sonstigen Formularen, Registrierungen etc.) erteilen. Wir weisen Sie darauf hin, dass bei Drittland\u00fcbermittlungen im Detail unbekannte Risiken (z.B. die Datenverarbeitung durch Sicherheitsbeh\u00f6rden des Drittlandes, deren genauer Umfang und deren Folgen f\u00fcr Sie wir nicht kennen, auf die wir keinen Einfluss haben und von denen Sie unter Umst\u00e4nden keine Kenntnis erlangen) bestehen k\u00f6nnen.<\/p>\n<h3>Speicherdauer<\/h3>\n<p>Die konkrete Speicherdauer der verarbeiteten Daten ist nicht durch uns beeinflussbar, sondern wird von Google Ireland Limited bestimmt. Weitere Hinweise finden Sie in der Datenschutzerkl\u00e4rung f\u00fcr Google Maps: <a href=\"https:\/\/policies.google.com\/privacy\" target=\"_blank\" rel=\"noopener\">https:\/\/policies.google.com\/privacy<\/a>.<\/p>\n\n<p><small>Quelle: Datenschutz-Konfigurator von <a href=\"https:\/\/www.mein-datenschutzbeauftragter.de\" target=\"_blank\" rel=\"noopener\">Mein-Datenschutzbeauftragter.de<\/a><\/small><\/p>\t\t\t\t\t\t<\/div>\n\t\t\t\t<\/div>\n\t\t\t\t\t<\/div>\n\t\t\t\t<\/div>\n\t\t<div class=\"elementor-element elementor-element-c252d4d e-flex e-con-boxed e-con e-parent\" data-id=\"c252d4d\" data-element_type=\"container\">\n\t\t\t\t\t<div class=\"e-con-inner\">\n\t\t\t\t<div class=\"elementor-element elementor-element-0147e98 elementor-widget elementor-widget-heading\" data-id=\"0147e98\" data-element_type=\"widget\" data-widget_type=\"heading.default\">\n\t\t\t\t<div class=\"elementor-widget-container\">\n\t\t\t<h2 class=\"elementor-heading-title elementor-size-default\">Real Cookie Banner<\/h2>\t\t<\/div>\n\t\t\t\t<\/div>\n\t\t\t\t<div class=\"elementor-element elementor-element-9facf01 elementor-widget elementor-widget-text-editor\" data-id=\"9facf01\" data-element_type=\"widget\" data-widget_type=\"text-editor.default\">\n\t\t\t\t<div class=\"elementor-widget-container\">\n\t\t\t\t\t\t\t<p>Zur Verwaltung der eingesetzten Cookies und \u00e4hnlichen Technologien (Tracking-Pixel, Web-Beacons etc.) und diesbez\u00fcglicher Einwilligungen setzen wir das Consent Tool &#8222;Real Cookie Banner&#8220; ein. Details zur Funktionsweise von &#8222;Real Cookie Banner&#8220; findest du <a href=\"https:\/\/devowl.io\/de\/wissensdatenbank\/real-cookie-banner-datenverarbeitung\/\" target=\"_blank\" rel=\"noopener\">hier<\/a> <\/p><p>Rechtsgrundlagen f\u00fcr die Verarbeitung von personenbezogenen Daten in diesem Zusammenhang sind Art. 6 Abs. 1 lit. c DS-GVO und Art. 6 Abs. 1 lit. f DS-GVO. Unser berechtigtes Interesse ist die Verwaltung der eingesetzten Cookies und \u00e4hnlichen Technologien und der diesbez\u00fcglichen Einwilligungen.<\/p><p>Die Bereitstellung der personenbezogenen Daten ist weder vertraglich vorgeschrieben noch f\u00fcr den Abschluss eines Vertrages notwendig. Du bist nicht verpflichtet die personenbezogenen Daten bereitzustellen. Wenn du die personenbezogenen Daten nicht bereitstellst, k\u00f6nnen wir deine Einwilligungen nicht verwalten.<\/p>\t\t\t\t\t\t<\/div>\n\t\t\t\t<\/div>\n\t\t\t\t\t<\/div>\n\t\t\t\t<\/div>\n\t\t\t\t<\/div>\n\t\t","protected":false},"excerpt":{"rendered":"<p>Datenschutzerkl\u00e4rung Allgemeiner Hinweis und Pflichtinformationen Benennung der verantwortlichen Stelle Die verantwortliche Stelle f\u00fcr die Datenverarbeitung auf dieser Website ist: Agentur Tina Akua ReimerTina Akua ReimerAllerm\u00f6her Decih 370 21037 Hamburg Die verantwortliche Stelle entscheidet allein oder gemeinsam mit anderen \u00fcber die Zwecke und Mittel der Verarbeitung von personenbezogenen Daten (z.B. Namen, Kontaktdaten o. \u00c4.). Widerruf Ihrer [&hellip;]<\/p>\n","protected":false},"author":1,"featured_media":0,"parent":0,"menu_order":0,"comment_status":"closed","ping_status":"closed","template":"","meta":{"rank_math_lock_modified_date":false,"footnotes":""},"class_list":["post-154","page","type-page","status-publish","hentry","entry"],"_links":{"self":[{"href":"https:\/\/www.im-kerngesund.de\/index.php\/wp-json\/wp\/v2\/pages\/154","targetHints":{"allow":["GET"]}}],"collection":[{"href":"https:\/\/www.im-kerngesund.de\/index.php\/wp-json\/wp\/v2\/pages"}],"about":[{"href":"https:\/\/www.im-kerngesund.de\/index.php\/wp-json\/wp\/v2\/types\/page"}],"author":[{"embeddable":true,"href":"https:\/\/www.im-kerngesund.de\/index.php\/wp-json\/wp\/v2\/users\/1"}],"replies":[{"embeddable":true,"href":"https:\/\/www.im-kerngesund.de\/index.php\/wp-json\/wp\/v2\/comments?post=154"}],"version-history":[{"count":16,"href":"https:\/\/www.im-kerngesund.de\/index.php\/wp-json\/wp\/v2\/pages\/154\/revisions"}],"predecessor-version":[{"id":662,"href":"https:\/\/www.im-kerngesund.de\/index.php\/wp-json\/wp\/v2\/pages\/154\/revisions\/662"}],"wp:attachment":[{"href":"https:\/\/www.im-kerngesund.de\/index.php\/wp-json\/wp\/v2\/media?parent=154"}],"curies":[{"name":"wp","href":"https:\/\/api.w.org\/{rel}","templated":true}]}}