{"id":1499,"date":"2026-04-27T11:22:42","date_gmt":"2026-04-27T11:22:42","guid":{"rendered":"https:\/\/www.im-kerngesund.de\/?page_id=1499"},"modified":"2026-04-27T12:28:17","modified_gmt":"2026-04-27T12:28:17","slug":"webinare","status":"publish","type":"page","link":"https:\/\/www.im-kerngesund.de\/index.php\/webinare\/","title":{"rendered":"Webinare"},"content":{"rendered":"\t\t<div data-elementor-type=\"wp-page\" data-elementor-id=\"1499\" class=\"elementor elementor-1499\" data-elementor-post-type=\"page\">\n\t\t\t\t<div class=\"elementor-element elementor-element-2a54c9a e-flex e-con-boxed e-con e-parent\" data-id=\"2a54c9a\" data-element_type=\"container\">\n\t\t\t\t\t<div class=\"e-con-inner\">\n\t\t\t\t<div class=\"elementor-element elementor-element-a2f19dd elementor-widget elementor-widget-heading\" data-id=\"a2f19dd\" data-element_type=\"widget\" data-widget_type=\"heading.default\">\n\t\t\t\t<div class=\"elementor-widget-container\">\n\t\t\t<h2 class=\"elementor-heading-title elementor-size-default\">Webinare \/Seminare<\/h2>\t\t<\/div>\n\t\t\t\t<\/div>\n\t\t\t\t\t<\/div>\n\t\t\t\t<\/div>\n\t\t<div class=\"elementor-element elementor-element-0bc14a4 e-flex e-con-boxed e-con e-parent\" data-id=\"0bc14a4\" data-element_type=\"container\">\n\t\t\t\t\t<div class=\"e-con-inner\">\n\t\t\t\t<div class=\"elementor-element elementor-element-1452e97 elementor-widget-divider--view-line elementor-widget elementor-widget-divider\" data-id=\"1452e97\" data-element_type=\"widget\" data-widget_type=\"divider.default\">\n\t\t\t\t<div class=\"elementor-widget-container\">\n\t\t\t\t\t<div class=\"elementor-divider\">\n\t\t\t<span class=\"elementor-divider-separator\">\n\t\t\t\t\t\t<\/span>\n\t\t<\/div>\n\t\t\t\t<\/div>\n\t\t\t\t<\/div>\n\t\t\t\t<div class=\"elementor-element elementor-element-1a86b86 elementor-widget elementor-widget-heading\" data-id=\"1a86b86\" data-element_type=\"widget\" data-widget_type=\"heading.default\">\n\t\t\t\t<div class=\"elementor-widget-container\">\n\t\t\t<h3 class=\"elementor-heading-title elementor-size-default\">Business<\/h3>\t\t<\/div>\n\t\t\t\t<\/div>\n\t\t\t\t<div class=\"elementor-element elementor-element-61a5856 elementor-widget elementor-widget-text-editor\" data-id=\"61a5856\" data-element_type=\"widget\" data-widget_type=\"text-editor.default\">\n\t\t\t\t<div class=\"elementor-widget-container\">\n\t\t\t\t\t\t\t<p>Betriebliche Alters- und Krankenabsicherung sind in Zeiten des Fachkr\u00e4ftemangels ein beliebtes und wichtiges Tool zur Mitarbeitendenbindung.<span style=\"font-size: 14px;\">&nbsp;<br><\/span><span style=\"font-size: 14px;\">Unternehmen bieten in dieser Hinsicht viele h\u00e4ufig M\u00f6glichkeiten an.&nbsp;<br>Um f\u00fcr Unternehen und Mitarbeitenen einen reelen Mehrwert aus den Inverstitionen zu ziehen, ist es wichtig, dass diese Angebote genutzt und gesch\u00e4tzt werden.&nbsp;<\/span><\/p>\n<p>Leider stockt hier oftmals die Kommunikation. Initativen bleiben ungeh\u00f6rt. Die erhoffte Mitarbeiterbindung stellt sich trotz guter Ans\u00e4tze nicht ein. <br>Das ist nicht nur f\u00fcr beide Seiten frustrierend, sondern kostet&#8230;Geld, Zeit und Ressourcen.&nbsp;&nbsp;<\/p>\n<p><span style=\"font-size: 14px;\">In unseren Business Webinaren oder Seminaren zeigen wir Wege auf, wie das Invest z.B. einer betrieblichen Alters- oder Krankenabsicherung zu einer real erlebten WIN-WIN Situation&nbsp;<\/span><span style=\"font-size: 14px;\">f\u00fcr Unternehmen und Mitarbeitenden werden kann.<\/span><\/p>\n<p><span style=\"font-size: 14px;\">Die Schulung kann sich dabei an die HR-Abeilung, die Teamleiter oder auch direkt an die Mitarbeitenden wenden. <\/span><span style=\"font-size: 14px;\">Wir besprechen vorab welche Ans\u00e4tze f\u00fcr Ihre Firma wichtig sind und planen eine individuelle, zielf\u00fchrende Weiterbildung f\u00fcr Ihr Team. <br>Anhand des vorab gemeinsam umrissenen Konzeptes erhalten Sie von uns eine Kosten\u00fcbersicht&nbsp;<\/span><span style=\"font-family: Roboto, sans-serif; font-size: 14px; font-style: normal; font-variant-ligatures: normal; font-variant-caps: normal; font-weight: 400;\">zur weiteren Planung<\/span><span style=\"font-size: 14px;\">.&nbsp; &nbsp;<\/span><span style=\"font-size: 14px;\">&nbsp;<\/span><\/p>\n<p>Kommunikation &#8211; Mitarbeiterbindung &#8211; Fachwissen &#8211; F\u00fchrsorgepflicht- Bewusstsein&nbsp;<\/p>\t\t\t\t\t\t<\/div>\n\t\t\t\t<\/div>\n\t\t\t\t\t<\/div>\n\t\t\t\t<\/div>\n\t\t<div class=\"elementor-element elementor-element-52aa9e9 e-flex e-con-boxed e-con e-parent\" data-id=\"52aa9e9\" data-element_type=\"container\">\n\t\t\t\t\t<div class=\"e-con-inner\">\n\t\t\t\t<div class=\"elementor-element elementor-element-636bb01 elementor-widget elementor-widget-heading\" data-id=\"636bb01\" data-element_type=\"widget\" data-widget_type=\"heading.default\">\n\t\t\t\t<div class=\"elementor-widget-container\">\n\t\t\t<h3 class=\"elementor-heading-title elementor-size-default\">Netzwerk<\/h3>\t\t<\/div>\n\t\t\t\t<\/div>\n\t\t\t\t<div class=\"elementor-element elementor-element-eaa5081 elementor-widget elementor-widget-text-editor\" data-id=\"eaa5081\" data-element_type=\"widget\" data-widget_type=\"text-editor.default\">\n\t\t\t\t<div class=\"elementor-widget-container\">\n\t\t\t\t\t\t\t<p>Es gibt viele gro\u00dfartige Netzwerke und Vereine mit unterschiedlichsten gesellschaftlichen Einblicken und Ans\u00e4tzen.<\/p><p>Die Themen Finanzen und Absicherungen sind leider nicht f\u00fcr alle Menschen gleich zug\u00e4ngig, daher bieten wir \u00fcber diesen Weg gerne eine Schnittstelle.<br \/><span style=\"font-family: Roboto, sans-serif; font-size: 14px; font-style: normal; font-variant-ligatures: normal; font-variant-caps: normal; font-weight: 400;\">Gesellschaftiliche Rollenbilder, Unsicherheiten und auch Schamgef\u00fchl k\u00f6nnen eine Rolle spielen und<\/span>\u00a0dazu f\u00fchren, dass Herausforderungen verdr\u00e4ngt und M\u00f6glichkeiten ungenutzt bleiben.<\/p><p>Unsere Netzwerk-Webinare und -Seminare bieten einen gesch\u00fctzen Raum, um sich den Themen Finanzen und Absicherungen offen zu n\u00e4hern und Barrieren abzubauen.\u00a0<\/p><p>Wir haben viel Erfahrung darin Menschen emotional abzuholen und mit Ihnen in den Autausch zu kommen. Dennoch kennt ihr die Herausforderungen eurer Community am besten, daher arbeiten wir in der Vorbereitung eines Weiterbildungsangebots sehr nah mit euch zusammen, um auf die individuellen Bed\u00fcrfnisse eingehen zu k\u00f6nnen.\u00a0 \u00a0 \u00a0<\/p><p>Gesellschaftliche Teilhabe &#8211; Gleichberechtigung &#8211; Fianzielle Bildung &#8211; Bewusstsein<\/p>\t\t\t\t\t\t<\/div>\n\t\t\t\t<\/div>\n\t\t\t\t\t<\/div>\n\t\t\t\t<\/div>\n\t\t\t\t<\/div>\n\t\t","protected":false},"excerpt":{"rendered":"<p>Webinare \/Seminare Business Betriebliche Alters- und Krankenabsicherung sind in Zeiten des Fachkr\u00e4ftemangels ein beliebtes und wichtiges Tool zur Mitarbeitendenbindung.&nbsp;Unternehmen bieten in dieser Hinsicht viele h\u00e4ufig M\u00f6glichkeiten an.&nbsp;Um f\u00fcr Unternehen und Mitarbeitenen einen reelen Mehrwert aus den Inverstitionen zu ziehen, ist es wichtig, dass diese Angebote genutzt und gesch\u00e4tzt werden.&nbsp; Leider stockt hier oftmals die Kommunikation. [&hellip;]<\/p>\n","protected":false},"author":1,"featured_media":0,"parent":0,"menu_order":0,"comment_status":"closed","ping_status":"closed","template":"","meta":{"footnotes":""},"class_list":["post-1499","page","type-page","status-publish","hentry","entry","owp-thumbs-layout-horizontal","owp-btn-normal","owp-tabs-layout-horizontal","has-no-thumbnails","has-product-nav"],"jetpack_sharing_enabled":true,"_links":{"self":[{"href":"https:\/\/www.im-kerngesund.de\/index.php\/wp-json\/wp\/v2\/pages\/1499","targetHints":{"allow":["GET"]}}],"collection":[{"href":"https:\/\/www.im-kerngesund.de\/index.php\/wp-json\/wp\/v2\/pages"}],"about":[{"href":"https:\/\/www.im-kerngesund.de\/index.php\/wp-json\/wp\/v2\/types\/page"}],"author":[{"embeddable":true,"href":"https:\/\/www.im-kerngesund.de\/index.php\/wp-json\/wp\/v2\/users\/1"}],"replies":[{"embeddable":true,"href":"https:\/\/www.im-kerngesund.de\/index.php\/wp-json\/wp\/v2\/comments?post=1499"}],"version-history":[{"count":25,"href":"https:\/\/www.im-kerngesund.de\/index.php\/wp-json\/wp\/v2\/pages\/1499\/revisions"}],"predecessor-version":[{"id":1527,"href":"https:\/\/www.im-kerngesund.de\/index.php\/wp-json\/wp\/v2\/pages\/1499\/revisions\/1527"}],"wp:attachment":[{"href":"https:\/\/www.im-kerngesund.de\/index.php\/wp-json\/wp\/v2\/media?parent=1499"}],"curies":[{"name":"wp","href":"https:\/\/api.w.org\/{rel}","templated":true}]}}