{"id":149,"date":"2024-01-26T11:06:12","date_gmt":"2024-01-26T11:06:12","guid":{"rendered":"https:\/\/www.im-kerngesund.de\/?page_id=149"},"modified":"2024-02-02T16:52:04","modified_gmt":"2024-02-02T16:52:04","slug":"das-sind-wir-2","status":"publish","type":"page","link":"https:\/\/www.im-kerngesund.de\/index.php\/das-sind-wir-2\/","title":{"rendered":"Das sind wir"},"content":{"rendered":"\t\t<div data-elementor-type=\"wp-page\" data-elementor-id=\"149\" class=\"elementor elementor-149\" data-elementor-post-type=\"page\">\n\t\t\t\t<div class=\"elementor-element elementor-element-9ad85df e-flex e-con-boxed e-con e-parent\" data-id=\"9ad85df\" data-element_type=\"container\">\n\t\t\t\t\t<div class=\"e-con-inner\">\n\t\t\t\t<div class=\"elementor-element elementor-element-e59442b elementor-widget elementor-widget-heading\" data-id=\"e59442b\" data-element_type=\"widget\" data-widget_type=\"heading.default\">\n\t\t\t\t<div class=\"elementor-widget-container\">\n\t\t\t<h2 class=\"elementor-heading-title elementor-size-default\">Im KernGesund lebt von Vielfalt.<\/h2>\t\t<\/div>\n\t\t\t\t<\/div>\n\t\t\t\t<div class=\"elementor-element elementor-element-f1786dc elementor-widget elementor-widget-text-editor\" data-id=\"f1786dc\" data-element_type=\"widget\" data-widget_type=\"text-editor.default\">\n\t\t\t\t<div class=\"elementor-widget-container\">\n\t\t\t\t\t\t\t<p>Unser Team besteht aus Individualisten und das ist gut so. Denn wir legen gro\u00dfen Wert darauf, dass &#8218;out of the box&#8216;-Denken zu f\u00f6rdern.<\/p><p>Das sch\u00e4tzen auch unsere Kunden in der Versicherungsagentur an uns. Jedoch ist zwischen Paragrafen und Formularen die Zeit f\u00fcr wirkliche zwischenmenschliche Beratung manchmal einfach zu wenig. Daher gibt es jetzt unser unabh\u00e4giges Projekt &#8222;Im KernGesund&#8220; Hier k\u00f6nnen wir uns frei miteinander austauschen. Lebensrealit\u00e4ten teilen und einen viel umfassenderen Blick auf Gesundheit wagen, als es die Richtlinien sonst erm\u00f6glichen.<\/p><p>Unser Leben ist eine Mischung aus H\u00f6hen und Tiefen, die es aus\u00a0 verschiedene Blickwinkel zu betrachten gilt. Vielleicht k\u00f6nnen wir hier, dass notwndige Bewusstsein f\u00fcr vielf\u00e4ltige Situationen sch\u00e4rfen oder einfach nur inspirierende Momente teilen.\u00a0Ganz egal wo der Weg hinf\u00fchrt. Auf jeden Fall brauchen wir dazu Personen, die es wagen den Blickwinkel zu \u00e4ndern.<\/p><p>Mit unserem Team werden wir uns auf diese Reise begeben und k\u00f6nnen hoffentlich viele von euch mitnehmen.<\/p>\t\t\t\t\t\t<\/div>\n\t\t\t\t<\/div>\n\t\t\t\t<div class=\"elementor-element elementor-element-7a73f13 elementor-widget-divider--view-line elementor-widget elementor-widget-divider\" data-id=\"7a73f13\" data-element_type=\"widget\" data-widget_type=\"divider.default\">\n\t\t\t\t<div class=\"elementor-widget-container\">\n\t\t\t\t\t<div class=\"elementor-divider\">\n\t\t\t<span class=\"elementor-divider-separator\">\n\t\t\t\t\t\t<\/span>\n\t\t<\/div>\n\t\t\t\t<\/div>\n\t\t\t\t<\/div>\n\t\t\t\t\t<\/div>\n\t\t\t\t<\/div>\n\t\t<div class=\"elementor-element elementor-element-579a25b e-flex e-con-boxed e-con e-parent\" data-id=\"579a25b\" data-element_type=\"container\">\n\t\t\t\t\t<div class=\"e-con-inner\">\n\t\t<div class=\"elementor-element elementor-element-1640198 e-con-full e-flex e-con e-child\" data-id=\"1640198\" data-element_type=\"container\">\n\t\t\t\t<div class=\"elementor-element elementor-element-f2e921b elementor-widget elementor-widget-heading\" data-id=\"f2e921b\" data-element_type=\"widget\" data-widget_type=\"heading.default\">\n\t\t\t\t<div class=\"elementor-widget-container\">\n\t\t\t<h6 class=\"elementor-heading-title elementor-size-default\">Miriam Kleist<\/h6>\t\t<\/div>\n\t\t\t\t<\/div>\n\t\t\t\t<div class=\"elementor-element elementor-element-a6321f4 elementor-widget elementor-widget-image\" data-id=\"a6321f4\" data-element_type=\"widget\" data-widget_type=\"image.default\">\n\t\t\t\t<div class=\"elementor-widget-container\">\n\t\t\t\t\t\t\t\t\t\t\t\t\t<img fetchpriority=\"high\" decoding=\"async\" width=\"225\" height=\"300\" src=\"https:\/\/www.im-kerngesund.de\/wp-content\/uploads\/2024\/02\/Miriam-225x300.png\" class=\"attachment-medium size-medium wp-image-439\" alt=\"\" srcset=\"https:\/\/www.im-kerngesund.de\/wp-content\/uploads\/2024\/02\/Miriam-225x300.png 225w, https:\/\/www.im-kerngesund.de\/wp-content\/uploads\/2024\/02\/Miriam.png 480w\" sizes=\"(max-width: 225px) 100vw, 225px\" \/>\t\t\t\t\t\t\t\t\t\t\t\t\t<\/div>\n\t\t\t\t<\/div>\n\t\t\t\t<\/div>\n\t\t<div class=\"elementor-element elementor-element-124bbad e-con-full e-flex e-con e-child\" data-id=\"124bbad\" data-element_type=\"container\">\n\t\t\t\t<div class=\"elementor-element elementor-element-b3af7d4 elementor-widget elementor-widget-text-editor\" data-id=\"b3af7d4\" data-element_type=\"widget\" data-widget_type=\"text-editor.default\">\n\t\t\t\t<div class=\"elementor-widget-container\">\n\t\t\t\t\t\t\t<p>Geburtsjahr: 1982<br \/>Geburtsort: Hamburg<br \/>Sternzeichen: Skorpion<br \/>Ausbildung: Automobilkauffrau <br \/>Studium: Tierpsychologie ATM<br \/>Hobbies: Natur und Tiere, Yoga, Astronomie, Kochen<\/p>\t\t\t\t\t\t<\/div>\n\t\t\t\t<\/div>\n\t\t\t\t<div class=\"elementor-element elementor-element-376fea6 elementor-widget elementor-widget-text-editor\" data-id=\"376fea6\" data-element_type=\"widget\" data-widget_type=\"text-editor.default\">\n\t\t\t\t<div class=\"elementor-widget-container\">\n\t\t\t\t\t\t\t<p>Hallo ich bin Miriam.<\/p><p>solange ich denken schwingt meine Leidenschaft zwischen zwei Welten hin und her: <br \/>Technik und Natur<\/p><p>Schon in meinem Kinderzimmer \u00fcberlegte ich, wie ich es schaffen k\u00f6nnte, den Kaninchenk\u00e4fig optisch an den gew\u00fcnschten Raumschifflook meines Zimmers anzupassen. (-;<\/p><p>Auf diese beiden Welten m\u00f6chte ich euch in meinen Beitr\u00e4gen &#8222;Im KernGesund&#8220; mitnehmen. Eine gesunde Verbindung zwischen Natur, Mensch und Technik sind mir sehr wichtig. Immer wieder sp\u00fcre ich, dass eine bessere Verbindung mit der Natur auch zu einem nat\u00fcrlicheren Umgang mit Medien usw. f\u00fchrt.<\/p><p>&#8222;Das Beste aus beiden Welten nutzen.&#8220; Das ist mein Motto.<\/p>\t\t\t\t\t\t<\/div>\n\t\t\t\t<\/div>\n\t\t\t\t<\/div>\n\t\t\t\t\t<\/div>\n\t\t\t\t<\/div>\n\t\t<div class=\"elementor-element elementor-element-902c3ac e-flex e-con-boxed e-con e-parent\" data-id=\"902c3ac\" data-element_type=\"container\">\n\t\t\t\t\t<div class=\"e-con-inner\">\n\t\t<div class=\"elementor-element elementor-element-1aa41be e-con-full e-flex e-con e-child\" data-id=\"1aa41be\" data-element_type=\"container\">\n\t\t\t\t<div class=\"elementor-element elementor-element-ef01600 elementor-widget elementor-widget-heading\" data-id=\"ef01600\" data-element_type=\"widget\" data-widget_type=\"heading.default\">\n\t\t\t\t<div class=\"elementor-widget-container\">\n\t\t\t<h6 class=\"elementor-heading-title elementor-size-default\">Tina Akua Reimer<\/h6>\t\t<\/div>\n\t\t\t\t<\/div>\n\t\t\t\t<div class=\"elementor-element elementor-element-b0c8f04 elementor-widget elementor-widget-image\" data-id=\"b0c8f04\" data-element_type=\"widget\" data-widget_type=\"image.default\">\n\t\t\t\t<div class=\"elementor-widget-container\">\n\t\t\t\t\t\t\t\t\t\t\t\t\t<img decoding=\"async\" width=\"158\" height=\"300\" src=\"https:\/\/www.im-kerngesund.de\/wp-content\/uploads\/2024\/02\/Akua-Bild-158x300.jpeg\" class=\"attachment-medium size-medium wp-image-520\" alt=\"\" srcset=\"https:\/\/www.im-kerngesund.de\/wp-content\/uploads\/2024\/02\/Akua-Bild-158x300.jpeg 158w, https:\/\/www.im-kerngesund.de\/wp-content\/uploads\/2024\/02\/Akua-Bild-600x1136.jpeg 600w, https:\/\/www.im-kerngesund.de\/wp-content\/uploads\/2024\/02\/Akua-Bild-541x1024.jpeg 541w, https:\/\/www.im-kerngesund.de\/wp-content\/uploads\/2024\/02\/Akua-Bild-768x1454.jpeg 768w, https:\/\/www.im-kerngesund.de\/wp-content\/uploads\/2024\/02\/Akua-Bild-811x1536.jpeg 811w, https:\/\/www.im-kerngesund.de\/wp-content\/uploads\/2024\/02\/Akua-Bild.jpeg 1065w\" sizes=\"(max-width: 158px) 100vw, 158px\" \/>\t\t\t\t\t\t\t\t\t\t\t\t\t<\/div>\n\t\t\t\t<\/div>\n\t\t\t\t<\/div>\n\t\t<div class=\"elementor-element elementor-element-eeb9d6b e-con-full e-flex e-con e-child\" data-id=\"eeb9d6b\" data-element_type=\"container\">\n\t\t\t\t<div class=\"elementor-element elementor-element-6f1e5ed elementor-widget elementor-widget-text-editor\" data-id=\"6f1e5ed\" data-element_type=\"widget\" data-widget_type=\"text-editor.default\">\n\t\t\t\t<div class=\"elementor-widget-container\">\n\t\t\t\t\t\t\t<p>Geburtsjahr: 1982<br \/>Wo: Hamburg<br \/>Sternzeichen: Widder<br \/>Ausbildung: Versicherungskauffrau<br \/>Studium: Marketing <br \/>Hobbies: Mode, Networking, Yoga, Kultur\u00a0<\/p>\t\t\t\t\t\t<\/div>\n\t\t\t\t<\/div>\n\t\t\t\t<div class=\"elementor-element elementor-element-9bb544f elementor-widget elementor-widget-text-editor\" data-id=\"9bb544f\" data-element_type=\"widget\" data-widget_type=\"text-editor.default\">\n\t\t\t\t<div class=\"elementor-widget-container\">\n\t\t\t\t\t\t\t<p>Hallo ich bin Akua,<\/p>\n<p>Die Idee, dass Kunst, vor allem durch Mode, die Gesellschaft formen und ver\u00e4ndern kann, ist ein inspirierende Treibkraft, die mich in meinem Leben schon lange begleitet.&nbsp;<\/p>\n<p>Eines meiner zentralen Anliegen ist die grundlegende Auseinandersetzung mit Stereotypen, Vorurteilen und den Geschichten die in unserer Gesellschaft existieren..<\/p>\n<p>In meinen Beitr\u00e4gen m\u00f6chte ich verschiedene oft komplizierten Konzept und die damit verbundenen sozialen Zusammenh\u00e4nge durchleuchten.&nbsp;<\/p>\t\t\t\t\t\t<\/div>\n\t\t\t\t<\/div>\n\t\t\t\t<\/div>\n\t\t\t\t\t<\/div>\n\t\t\t\t<\/div>\n\t\t<div class=\"elementor-element elementor-element-0424523 e-flex e-con-boxed e-con e-parent\" data-id=\"0424523\" data-element_type=\"container\">\n\t\t\t\t\t<div class=\"e-con-inner\">\n\t\t<div class=\"elementor-element elementor-element-f574dc8 e-con-full e-flex e-con e-child\" data-id=\"f574dc8\" data-element_type=\"container\">\n\t\t\t\t<div class=\"elementor-element elementor-element-0caa65b elementor-widget elementor-widget-heading\" data-id=\"0caa65b\" data-element_type=\"widget\" data-widget_type=\"heading.default\">\n\t\t\t\t<div class=\"elementor-widget-container\">\n\t\t\t<h5 class=\"elementor-heading-title elementor-size-default\">Elin Winkelbach<\/h5>\t\t<\/div>\n\t\t\t\t<\/div>\n\t\t\t\t<div class=\"elementor-element elementor-element-2a31c8b elementor-widget elementor-widget-image\" data-id=\"2a31c8b\" data-element_type=\"widget\" data-widget_type=\"image.default\">\n\t\t\t\t<div class=\"elementor-widget-container\">\n\t\t\t\t\t\t\t\t\t\t\t\t\t<img decoding=\"async\" width=\"266\" height=\"300\" src=\"https:\/\/www.im-kerngesund.de\/wp-content\/uploads\/2024\/02\/Elin-266x300.jpeg\" class=\"attachment-medium size-medium wp-image-435\" alt=\"\" srcset=\"https:\/\/www.im-kerngesund.de\/wp-content\/uploads\/2024\/02\/Elin-266x300.jpeg 266w, https:\/\/www.im-kerngesund.de\/wp-content\/uploads\/2024\/02\/Elin-600x676.jpeg 600w, https:\/\/www.im-kerngesund.de\/wp-content\/uploads\/2024\/02\/Elin.jpeg 649w\" sizes=\"(max-width: 266px) 100vw, 266px\" \/>\t\t\t\t\t\t\t\t\t\t\t\t\t<\/div>\n\t\t\t\t<\/div>\n\t\t\t\t<\/div>\n\t\t<div class=\"elementor-element elementor-element-d24cf86 e-con-full e-flex e-con e-child\" data-id=\"d24cf86\" data-element_type=\"container\">\n\t\t\t\t<div class=\"elementor-element elementor-element-7fd71f6 elementor-widget elementor-widget-text-editor\" data-id=\"7fd71f6\" data-element_type=\"widget\" data-widget_type=\"text-editor.default\">\n\t\t\t\t<div class=\"elementor-widget-container\">\n\t\t\t\t\t\t\t<p>Geburtsjahr<br \/>Geburtsort: Hamburg<br \/>Sternzeichen:<br \/>Ausbildung: Landwirtin, Huforthop\u00e4din<br \/>Hobbies: Reiten, Reisen, <br \/>Freunde<\/p>\t\t\t\t\t\t<\/div>\n\t\t\t\t<\/div>\n\t\t\t\t<div class=\"elementor-element elementor-element-cf7dc9a elementor-widget elementor-widget-text-editor\" data-id=\"cf7dc9a\" data-element_type=\"widget\" data-widget_type=\"text-editor.default\">\n\t\t\t\t<div class=\"elementor-widget-container\">\n\t\t\t\t\t\t\t<p>Hallo ich bin Elin,<\/p><p>ich konnte quasi reiten bevor ich laufen konnte und auch heute dreht sich bei mir im Leben sehr viel um Pferde.<\/p><p>Beruflich und privat verbringe ich viel Zeit mit diesen beeindruckenden Tieren.<\/p><p>In meinen Beitr\u00e4gen m\u00f6chte ich euch an meiner Erfahrung teilhaben lassen und euch auch einen Blick in meine Arbeit als Landwirtin erm\u00f6glichen.<\/p><p>Mit Tieren zusammen zu leben, hei\u00dft f\u00fcr mich nicht diese zu vermenschlichen, sondern sie mit Respekt artegrecht, gesund, fr\u00f6hlich und fit zu halten.<\/p>\t\t\t\t\t\t<\/div>\n\t\t\t\t<\/div>\n\t\t\t\t<\/div>\n\t\t\t\t\t<\/div>\n\t\t\t\t<\/div>\n\t\t\t\t<\/div>\n\t\t","protected":false},"excerpt":{"rendered":"<p>Im KernGesund lebt von Vielfalt. Unser Team besteht aus Individualisten und das ist gut so. Denn wir legen gro\u00dfen Wert darauf, dass &#8218;out of the box&#8216;-Denken zu f\u00f6rdern. Das sch\u00e4tzen auch unsere Kunden in der Versicherungsagentur an uns. Jedoch ist zwischen Paragrafen und Formularen die Zeit f\u00fcr wirkliche zwischenmenschliche Beratung manchmal einfach zu wenig. Daher [&hellip;]<\/p>\n","protected":false},"author":1,"featured_media":0,"parent":0,"menu_order":0,"comment_status":"closed","ping_status":"closed","template":"","meta":{"footnotes":""},"class_list":["post-149","page","type-page","status-publish","hentry","entry","owp-thumbs-layout-horizontal","owp-btn-normal","owp-tabs-layout-horizontal","has-no-thumbnails","has-product-nav"],"jetpack_sharing_enabled":true,"_links":{"self":[{"href":"https:\/\/www.im-kerngesund.de\/index.php\/wp-json\/wp\/v2\/pages\/149","targetHints":{"allow":["GET"]}}],"collection":[{"href":"https:\/\/www.im-kerngesund.de\/index.php\/wp-json\/wp\/v2\/pages"}],"about":[{"href":"https:\/\/www.im-kerngesund.de\/index.php\/wp-json\/wp\/v2\/types\/page"}],"author":[{"embeddable":true,"href":"https:\/\/www.im-kerngesund.de\/index.php\/wp-json\/wp\/v2\/users\/1"}],"replies":[{"embeddable":true,"href":"https:\/\/www.im-kerngesund.de\/index.php\/wp-json\/wp\/v2\/comments?post=149"}],"version-history":[{"count":79,"href":"https:\/\/www.im-kerngesund.de\/index.php\/wp-json\/wp\/v2\/pages\/149\/revisions"}],"predecessor-version":[{"id":524,"href":"https:\/\/www.im-kerngesund.de\/index.php\/wp-json\/wp\/v2\/pages\/149\/revisions\/524"}],"wp:attachment":[{"href":"https:\/\/www.im-kerngesund.de\/index.php\/wp-json\/wp\/v2\/media?parent=149"}],"curies":[{"name":"wp","href":"https:\/\/api.w.org\/{rel}","templated":true}]}}