{"id":1203,"date":"2026-02-11T18:06:06","date_gmt":"2026-02-11T18:06:06","guid":{"rendered":"https:\/\/www.im-kerngesund.de\/?page_id=1203"},"modified":"2026-02-11T18:15:22","modified_gmt":"2026-02-11T18:15:22","slug":"tiere-und-gesundheit","status":"publish","type":"page","link":"https:\/\/www.im-kerngesund.de\/index.php\/tiere-und-gesundheit\/","title":{"rendered":"Tiere und Gesundheit"},"content":{"rendered":"\t\t<div data-elementor-type=\"wp-page\" data-elementor-id=\"1203\" class=\"elementor elementor-1203\" data-elementor-post-type=\"page\">\n\t\t\t\t<div class=\"elementor-element elementor-element-adfbebd e-flex e-con-boxed e-con e-parent\" data-id=\"adfbebd\" data-element_type=\"container\">\n\t\t\t\t\t<div class=\"e-con-inner\">\n\t\t\t\t<div class=\"elementor-element elementor-element-8ff0c74 elementor-widget elementor-widget-heading\" data-id=\"8ff0c74\" data-element_type=\"widget\" data-widget_type=\"heading.default\">\n\t\t\t\t<div class=\"elementor-widget-container\">\n\t\t\t<h2 class=\"elementor-heading-title elementor-size-default\">Tiere und Gesundheit<\/h2>\t\t<\/div>\n\t\t\t\t<\/div>\n\t\t\t\t\t<\/div>\n\t\t\t\t<\/div>\n\t\t<div class=\"elementor-element elementor-element-e48d951 e-flex e-con-boxed e-con e-parent\" data-id=\"e48d951\" data-element_type=\"container\">\n\t\t\t\t\t<div class=\"e-con-inner\">\n\t\t\t\t<div class=\"elementor-element elementor-element-7674a21 elementor-widget elementor-widget-text-editor\" data-id=\"7674a21\" data-element_type=\"widget\" data-widget_type=\"text-editor.default\">\n\t\t\t\t<div class=\"elementor-widget-container\">\n\t\t\t\t\t\t\t<div class=\"entry-content clr\"><div class=\"elementor elementor-176\" data-elementor-type=\"wp-post\" data-elementor-id=\"176\" data-elementor-post-type=\"post\"><div class=\"elementor-element elementor-element-53a0f4a e-flex e-con-boxed e-con e-parent e-lazyloaded\" data-id=\"53a0f4a\" data-element_type=\"container\"><div class=\"e-con-inner\"><div class=\"elementor-element elementor-element-734f9a4 elementor-widget elementor-widget-text-editor\" data-id=\"734f9a4\" data-element_type=\"widget\" data-widget_type=\"text-editor.default\"><div class=\"elementor-widget-container\">Ich gebe es zu. Ich bin absolut voreingenommen. <br \/>Mein ganzes Leben habe ich mit Tieren verbracht und f\u00fcr mich geh\u00f6ren sie einfach dazu. Sie sind und waren schon immer Teil meiner Familie.<\/div><div class=\"elementor-widget-container\">Durch Tiere kann ich die Welt v\u00f6llig anders wahrnehmen.\u00a0<\/div><div><p>Kommunikation ohne Worte. Einfach und direkt. Im Hier und Jetzt.<\/p><p>Ist man mit Tieren unterwegs r\u00fccken andere Sinne in den Fordergrund. Die Natur und die Stadt nimmt man gemeinsam anders war.<\/p><\/div><div>Kinder haben h\u00e4ufig noch einen intuitiven Zugang zu dieser Welt. Allerdings sind auch f\u00fcr sie gerade in Gro\u00dfst\u00e4dten die M\u00f6glichkeiten der Begegnung stark beschr\u00e4nkt. Schulhunden, therapeutischen Reiten und Zoos k\u00f6nnen diesen Mangel nur teilweise ausgleichen.\u00a0<br \/>Auch Erwachsene k\u00f6nnen Begegnungen immer h\u00e4ufiger buchen: Kuhkuscheln, Alpaka Wanderungen und tiergest\u00fctztes Coaching usw.<\/div><div class=\"elementor-widget-container\"><p><br \/>All diese Erlebnisse geben Einblick in eine leider verdr\u00e4ngte Welt. Das ist sch\u00f6n, denn viele Teilnehmer entdecken Aspekte von sich, die Sie nie f\u00fcr m\u00f6glich gehalten h\u00e4tten. Sie sind \u00fcberrascht, wie schnell sie &#8222;Ergebnisse&#8220; oder &#8222;Anworten&#8220; bekommen.\u00a0<\/p><p>Eigentlich kein Wunder, sind sie doch Teil dieser &#8222;Natur&#8220;. Das wurde inzwischen auch benannt in der biophilie Hypothese: Menschen haben laut Forschung eine evolution\u00e4r verwurzelte Neigung, mit lebendiger Natur (Pflanzen und Tieren) verbunden zu sein. Diese \u201eBiophilie\u201c erkl\u00e4rt, warum Natur- und Tierkontakte sofort oft ein Wohlgef\u00fchl ausl\u00f6sen.\u00a0<\/p><p>Ich w\u00fcnsche mir, dass es im Alltag wieder mehr M\u00f6glichkeiten f\u00fcr nat\u00fcliche Begenung geben w\u00fcrde. <\/p><p>Natur in der Stadt ist dabei ein wichtiges Thema, die von einigen St\u00e4dtbauern inzwischen durchaus mitgedacht wird. Leider in vielen F\u00e4llen noch ein wenig zu steril und zur\u00fcckhaltend. Dennoch die Erkenntnisse sind klar:\u00a0<\/p><p>Studien zeigen, dass sogar 10\u201315 Minuten Aufenthalt in urbaner Natur t\u00e4glich messbare positive Effekte auf die psychische Gesundheit haben k\u00f6nnen.\u00a0<br \/>Gr\u00fcnr\u00e4ume f\u00f6rdern die Erholung der Aufmerksamkeit und unterst\u00fctzen kognitive Prozesse, z. B. Konzentration und geistige Klarheit.<br \/>Der Kontakt mit Natur \u2013 etwa in Parks und urbanen Gr\u00fcnfl\u00e4chen \u2013 ist wissenschaftlich mit einer deutlichen Senkung von Stresshormonen (z. B. Cortisol) und einer Verbesserung der Stimmung verkn\u00fcpft. Aufenthalte im Gr\u00fcnen wirken oft st\u00e4rker entspannend als in rein urbaner Umgebung.<br \/>Erste Forschungsergebnisse legen nahe, dass w\u00e4hrend der Interaktion mit Tieren physiologische Parameter (z. B. Herzfrequenz, Hormonhaushalt) beeinflusst werden k\u00f6nnen \u2013 Hinweise auf eine Art \u201eMitregulation\u201c zwischen Mensch und Tier.\u00a0<\/p><\/div><div class=\"elementor-widget-container\">\u00a0<\/div><\/div><\/div><\/div><\/div><\/div><p><br \/><br \/><\/p>\t\t\t\t\t\t<\/div>\n\t\t\t\t<\/div>\n\t\t\t\t\t<\/div>\n\t\t\t\t<\/div>\n\t\t\t\t<\/div>\n\t\t","protected":false},"excerpt":{"rendered":"<p>Tiere und Gesundheit Ich gebe es zu. Ich bin absolut voreingenommen. Mein ganzes Leben habe ich mit Tieren verbracht und f\u00fcr mich geh\u00f6ren sie einfach dazu. Sie sind und waren schon immer Teil meiner Familie.Durch Tiere kann ich die Welt v\u00f6llig anders wahrnehmen.\u00a0 Kommunikation ohne Worte. Einfach und direkt. Im Hier und Jetzt. Ist man [&hellip;]<\/p>\n","protected":false},"author":1,"featured_media":0,"parent":0,"menu_order":0,"comment_status":"closed","ping_status":"closed","template":"","meta":{"rank_math_lock_modified_date":false,"footnotes":""},"class_list":["post-1203","page","type-page","status-publish","hentry","entry"],"_links":{"self":[{"href":"https:\/\/www.im-kerngesund.de\/index.php\/wp-json\/wp\/v2\/pages\/1203","targetHints":{"allow":["GET"]}}],"collection":[{"href":"https:\/\/www.im-kerngesund.de\/index.php\/wp-json\/wp\/v2\/pages"}],"about":[{"href":"https:\/\/www.im-kerngesund.de\/index.php\/wp-json\/wp\/v2\/types\/page"}],"author":[{"embeddable":true,"href":"https:\/\/www.im-kerngesund.de\/index.php\/wp-json\/wp\/v2\/users\/1"}],"replies":[{"embeddable":true,"href":"https:\/\/www.im-kerngesund.de\/index.php\/wp-json\/wp\/v2\/comments?post=1203"}],"version-history":[{"count":5,"href":"https:\/\/www.im-kerngesund.de\/index.php\/wp-json\/wp\/v2\/pages\/1203\/revisions"}],"predecessor-version":[{"id":1208,"href":"https:\/\/www.im-kerngesund.de\/index.php\/wp-json\/wp\/v2\/pages\/1203\/revisions\/1208"}],"wp:attachment":[{"href":"https:\/\/www.im-kerngesund.de\/index.php\/wp-json\/wp\/v2\/media?parent=1203"}],"curies":[{"name":"wp","href":"https:\/\/api.w.org\/{rel}","templated":true}]}}