{"id":12,"date":"2024-01-24T13:13:25","date_gmt":"2024-01-24T13:13:25","guid":{"rendered":"https:\/\/www.im-kerngesund.de\/?page_id=12"},"modified":"2026-03-31T18:40:19","modified_gmt":"2026-03-31T18:40:19","slug":"startseite","status":"publish","type":"page","link":"https:\/\/www.im-kerngesund.de\/","title":{"rendered":"Startseite"},"content":{"rendered":"\t\t<div data-elementor-type=\"wp-page\" data-elementor-id=\"12\" class=\"elementor elementor-12\" data-elementor-post-type=\"page\">\n\t\t\t\t<div class=\"elementor-element elementor-element-2b5cce7 e-flex e-con-boxed e-con e-parent\" data-id=\"2b5cce7\" data-element_type=\"container\">\n\t\t\t\t\t<div class=\"e-con-inner\">\n\t\t<div class=\"elementor-element elementor-element-d11afa6 e-con-full e-flex e-con e-child\" data-id=\"d11afa6\" data-element_type=\"container\">\n\t\t\t\t<\/div>\n\t\t<div class=\"elementor-element elementor-element-e9f6092 e-con-full e-flex e-con e-child\" data-id=\"e9f6092\" data-element_type=\"container\">\n\t\t\t\t<div class=\"elementor-element elementor-element-5ae753d elementor-widget elementor-widget-image\" data-id=\"5ae753d\" data-element_type=\"widget\" data-widget_type=\"image.default\">\n\t\t\t\t<div class=\"elementor-widget-container\">\n\t\t\t\t\t\t\t\t\t\t\t\t\t<img decoding=\"async\" src=\"https:\/\/www.im-kerngesund.de\/wp-content\/uploads\/elementor\/thumbs\/Logo-qk78i985kzr3i8uh535wtix0sm0xe1jwhlataklop0.png\" title=\"Logo\" alt=\"\" loading=\"lazy\" \/>\t\t\t\t\t\t\t\t\t\t\t\t\t<\/div>\n\t\t\t\t<\/div>\n\t\t\t\t<div class=\"elementor-element elementor-element-3752967 elementor-widget elementor-widget-text-editor\" data-id=\"3752967\" data-element_type=\"widget\" data-widget_type=\"text-editor.default\">\n\t\t\t\t<div class=\"elementor-widget-container\">\n\t\t\t\t\t\t\t<p style=\"text-align: center;\">Wir begleiten Menschen dabei, Absicherung neu zu denken \u2013 <br \/>als Prozess, nicht als Produkt.<\/p>\t\t\t\t\t\t<\/div>\n\t\t\t\t<\/div>\n\t\t\t\t<\/div>\n\t\t<div class=\"elementor-element elementor-element-52ebe7e e-con-full e-flex e-con e-child\" data-id=\"52ebe7e\" data-element_type=\"container\">\n\t\t\t\t<\/div>\n\t\t\t\t\t<\/div>\n\t\t\t\t<\/div>\n\t\t<div class=\"elementor-element elementor-element-0edb7f7 e-flex e-con-boxed e-con e-parent\" data-id=\"0edb7f7\" data-element_type=\"container\">\n\t\t\t\t\t<div class=\"e-con-inner\">\n\t\t\t\t<div class=\"elementor-element elementor-element-9f5e72f elementor-widget-divider--view-line elementor-widget elementor-widget-divider\" data-id=\"9f5e72f\" data-element_type=\"widget\" data-widget_type=\"divider.default\">\n\t\t\t\t<div class=\"elementor-widget-container\">\n\t\t\t\t\t<div class=\"elementor-divider\">\n\t\t\t<span class=\"elementor-divider-separator\">\n\t\t\t\t\t\t<\/span>\n\t\t<\/div>\n\t\t\t\t<\/div>\n\t\t\t\t<\/div>\n\t\t\t\t\t<\/div>\n\t\t\t\t<\/div>\n\t\t<div class=\"elementor-element elementor-element-9f0be23 e-flex e-con-boxed e-con e-parent\" data-id=\"9f0be23\" data-element_type=\"container\">\n\t\t\t\t\t<div class=\"e-con-inner\">\n\t\t<div class=\"elementor-element elementor-element-d503092 e-con-full e-flex e-con e-child\" data-id=\"d503092\" data-element_type=\"container\">\n\t\t\t\t<div class=\"elementor-element elementor-element-dc2cc7a elementor-widget elementor-widget-heading\" data-id=\"dc2cc7a\" data-element_type=\"widget\" data-widget_type=\"heading.default\">\n\t\t\t\t<div class=\"elementor-widget-container\">\n\t\t\t<h2 class=\"elementor-heading-title elementor-size-default\">Die Idee<\/h2>\t\t<\/div>\n\t\t\t\t<\/div>\n\t\t\t\t<\/div>\n\t\t<div class=\"elementor-element elementor-element-2d4e13b e-con-full e-flex e-con e-child\" data-id=\"2d4e13b\" data-element_type=\"container\">\n\t\t\t\t<div class=\"elementor-element elementor-element-701ebd7 elementor-widget elementor-widget-text-editor\" data-id=\"701ebd7\" data-element_type=\"widget\" data-widget_type=\"text-editor.default\">\n\t\t\t\t<div class=\"elementor-widget-container\">\n\t\t\t\t\t\t\t<p>In den letzten Jahren ist in uns der Wunsch gereift die vielschichtigen Eindr\u00fccke aus unserem Beruf zu teilen und in ein gemeinsames Projekt einzubringen.<\/p><p>Als jahrelang eingespieltes Team einer Krankenversicherungsagentur b<span style=\"font-size: 14px; color: var( --e-global-color-text ); text-align: var(--text-align);\">efassen wir uns t\u00e4glich intensiv mit dem Thema Kommunikation und Gesundheit in ihren unterschiedlichen Facetten. Dabei geht unser Engagement weit \u00fcber die klassiche Beratung zu Produkten oder die Bearbeitung von Formularen hinaus.<\/span><\/p><p>Unsere Arbeit umfasst vor allem die zwischenmenschliche Ebene. Wir bewegen uns dabei durch unterschiedliche Lebensrealit\u00e4ten. W\u00fcnsche,\u00a0 Ansichten, Ressourcen und Zug\u00e4nge alles variiert enorm von Mensch zu Mensch.\u00a0<\/p><p>F\u00fcr uns ist es ein wichtige Erfahrung mit Menschen in den Austausch zu kommen. Die eigene Perspektive zu erweitern und unterschiedliche Wirklichkeiten wahrzunehmen.<\/p>\t\t\t\t\t\t<\/div>\n\t\t\t\t<\/div>\n\t\t\t\t<\/div>\n\t\t\t\t\t<\/div>\n\t\t\t\t<\/div>\n\t\t<div class=\"elementor-element elementor-element-7935138 e-flex e-con-boxed e-con e-parent\" data-id=\"7935138\" data-element_type=\"container\">\n\t\t\t\t\t<div class=\"e-con-inner\">\n\t\t<div class=\"elementor-element elementor-element-2982c59 e-con-full e-flex e-con e-child\" data-id=\"2982c59\" data-element_type=\"container\">\n\t\t\t\t<div class=\"elementor-element elementor-element-ec413c2 elementor-widget elementor-widget-heading\" data-id=\"ec413c2\" data-element_type=\"widget\" data-widget_type=\"heading.default\">\n\t\t\t\t<div class=\"elementor-widget-container\">\n\t\t\t<h2 class=\"elementor-heading-title elementor-size-default\">Der Ansatz<\/h2>\t\t<\/div>\n\t\t\t\t<\/div>\n\t\t\t\t<\/div>\n\t\t<div class=\"elementor-element elementor-element-201531b e-con-full e-flex e-con e-child\" data-id=\"201531b\" data-element_type=\"container\">\n\t\t\t\t<div class=\"elementor-element elementor-element-5e33179 elementor-widget elementor-widget-text-editor\" data-id=\"5e33179\" data-element_type=\"widget\" data-widget_type=\"text-editor.default\">\n\t\t\t\t<div class=\"elementor-widget-container\">\n\t\t\t\t\t\t\t<p>Wir glauben: Keine Absicherung ohne Bewusstsein!<\/p><p>Deshalb setzen unsere Angebote vor der eigentlichen Entscheidung an.\u00a0<\/p><p>Nicht mit Zahlen, Tarifen oder Empfehlungen \u2013 sondern mit Haltung, Kontext und Klarheit.<\/p><p>Unsere Formate verbinden:<\/p><ul><li>gesellschaftliche Einordnung<\/li><li>psychologisches Verst\u00e4ndnis<\/li><li>pers\u00f6nliche Reflexion<\/li><\/ul><p>Ziel ist es, Orientierung zu schaffen, nicht L\u00f6sungen vorzugeben.<\/p><p>Was wir bei Im-KernGesund bewusst nicht tun:<\/p><ul><li>Keine Versicherungs- oder Finanzberatung<\/li><li>Keine Produktempfehlungen<\/li><li>Keine Verkaufsformate<\/li><\/ul><p>\u00a0<\/p>\t\t\t\t\t\t<\/div>\n\t\t\t\t<\/div>\n\t\t\t\t<\/div>\n\t\t\t\t\t<\/div>\n\t\t\t\t<\/div>\n\t\t<div class=\"elementor-element elementor-element-9d46ac9 e-flex e-con-boxed e-con e-parent\" data-id=\"9d46ac9\" data-element_type=\"container\">\n\t\t\t\t\t<div class=\"e-con-inner\">\n\t\t<div class=\"elementor-element elementor-element-155518e e-con-full e-flex e-con e-child\" data-id=\"155518e\" data-element_type=\"container\">\n\t\t\t\t<div class=\"elementor-element elementor-element-2623336 elementor-widget elementor-widget-heading\" data-id=\"2623336\" data-element_type=\"widget\" data-widget_type=\"heading.default\">\n\t\t\t\t<div class=\"elementor-widget-container\">\n\t\t\t<h2 class=\"elementor-heading-title elementor-size-default\">Das Angebot<\/h2>\t\t<\/div>\n\t\t\t\t<\/div>\n\t\t\t\t<\/div>\n\t\t<div class=\"elementor-element elementor-element-bf15942 e-con-full e-flex e-con e-child\" data-id=\"bf15942\" data-element_type=\"container\">\n\t\t\t\t<div class=\"elementor-element elementor-element-6339952 elementor-widget elementor-widget-text-editor\" data-id=\"6339952\" data-element_type=\"widget\" data-widget_type=\"text-editor.default\">\n\t\t\t\t<div class=\"elementor-widget-container\">\n\t\t\t\t\t\t\t<p>Absicherung ist mehr als ein Vertrag.<\/p><p>Sie ist ein Prozess.<\/p><p>Wir bieten Weiterbildung, die sich mit den strukturellen, gesellschaftlichen und psychologischen Faktoren von Absicherung besch\u00e4ftigen. Dabei geht es nicht nur um Wissen- sondern das bessere Verst\u00e4ndnis f\u00fcr Zusammenh\u00e4nge.<\/p><p>Im Kern geht es um Fragen wie:<\/p><p>\u2013 Warum treffen wir Entscheidungen rund um Absicherung oft ohne echte Klarheit?<br \/>\u2013 Wie spiegeln sich gesellschaftliche Strukturen in unserem Umgang mit Absicherung wider?<br \/>\u2013 Warum ist Absicherung f\u00fcr Menschen unterschiedlich zug\u00e4nglich?<br \/>\u2013 Was ver\u00e4ndert sich, wenn Verantwortung in Familien entsteht?<br \/>\u2013 Und welche Rolle spielen Pr\u00e4gung, Herkunft und Lebensrealit\u00e4t dabei?<\/p><p>HIerzu arbeiten wir mit verschiedenen <span style=\"text-decoration: underline;\"><a href=\"https:\/\/www.im-kerngesund.de\/index.php\/workshops\/\">Workshop- und Kursformaten<\/a><\/span>, die Denkanst\u00f6\u00dfe geben, Austausch erm\u00f6glichen und innere Prozesse in Gang setzen.<\/p><p>Wir begleiten, bis Klarheit entsteht und Handlungsf\u00e4higkeit beginnt.<\/p>\t\t\t\t\t\t<\/div>\n\t\t\t\t<\/div>\n\t\t\t\t<\/div>\n\t\t\t\t\t<\/div>\n\t\t\t\t<\/div>\n\t\t<div class=\"elementor-element elementor-element-c2b5002 e-flex e-con-boxed e-con e-parent\" data-id=\"c2b5002\" data-element_type=\"container\">\n\t\t\t\t\t<div class=\"e-con-inner\">\n\t\t<div class=\"elementor-element elementor-element-e1b50ee e-con-full e-flex e-con e-child\" data-id=\"e1b50ee\" data-element_type=\"container\">\n\t\t\t\t<div class=\"elementor-element elementor-element-4ccf684 elementor-widget elementor-widget-heading\" data-id=\"4ccf684\" data-element_type=\"widget\" data-widget_type=\"heading.default\">\n\t\t\t\t<div class=\"elementor-widget-container\">\n\t\t\t<h2 class=\"elementor-heading-title elementor-size-default\">Die Zielgruppe<\/h2>\t\t<\/div>\n\t\t\t\t<\/div>\n\t\t\t\t<\/div>\n\t\t<div class=\"elementor-element elementor-element-df522b1 e-con-full e-flex e-con e-child\" data-id=\"df522b1\" data-element_type=\"container\">\n\t\t\t\t<div class=\"elementor-element elementor-element-b4be315 elementor-widget elementor-widget-text-editor\" data-id=\"b4be315\" data-element_type=\"widget\" data-widget_type=\"text-editor.default\">\n\t\t\t\t<div class=\"elementor-widget-container\">\n\t\t\t\t\t\t\t<p>Unsere Formate richten sich an alle die, die sich bewusst mit Absicherung, Verantwortung und Entscheidungsprozessen auseinandersetzen m\u00f6chten:<\/p><ul><li>Frauennetzwerke und Initiativen<\/li><li>Unternehmen im Kontext von Gleichstellung, Diversity oder Gesundheitspr\u00e4vention<\/li><li>Vereine und Bildungsanbieter<\/li><li>Privatpersonen, die sich mit finanzieller Verantwortung bewusst auseinandersetzen m\u00f6chten<\/li><\/ul>\t\t\t\t\t\t<\/div>\n\t\t\t\t<\/div>\n\t\t\t\t<\/div>\n\t\t\t\t\t<\/div>\n\t\t\t\t<\/div>\n\t\t<div class=\"elementor-element elementor-element-b7d61b2 e-flex e-con-boxed e-con e-parent\" data-id=\"b7d61b2\" data-element_type=\"container\">\n\t\t\t\t\t<div class=\"e-con-inner\">\n\t\t\t\t<div class=\"elementor-element elementor-element-2e7491a elementor-widget-divider--view-line elementor-widget elementor-widget-divider\" data-id=\"2e7491a\" data-element_type=\"widget\" data-widget_type=\"divider.default\">\n\t\t\t\t<div class=\"elementor-widget-container\">\n\t\t\t\t\t<div class=\"elementor-divider\">\n\t\t\t<span class=\"elementor-divider-separator\">\n\t\t\t\t\t\t<\/span>\n\t\t<\/div>\n\t\t\t\t<\/div>\n\t\t\t\t<\/div>\n\t\t\t\t\t<\/div>\n\t\t\t\t<\/div>\n\t\t<div class=\"elementor-element elementor-element-dc5e5cc e-flex e-con-boxed e-con e-parent\" data-id=\"dc5e5cc\" data-element_type=\"container\">\n\t\t\t\t\t<div class=\"e-con-inner\">\n\t\t<div class=\"elementor-element elementor-element-39de28e e-con-full e-flex e-con e-child\" data-id=\"39de28e\" data-element_type=\"container\">\n\t\t\t\t<div class=\"elementor-element elementor-element-a369ab3 elementor-widget elementor-widget-heading\" data-id=\"a369ab3\" data-element_type=\"widget\" data-widget_type=\"heading.default\">\n\t\t\t\t<div class=\"elementor-widget-container\">\n\t\t\t<h2 class=\"elementor-heading-title elementor-size-default\">Der Kontakt<\/h2>\t\t<\/div>\n\t\t\t\t<\/div>\n\t\t\t\t<\/div>\n\t\t<div class=\"elementor-element elementor-element-efd15e2 e-con-full e-flex e-con e-child\" data-id=\"efd15e2\" data-element_type=\"container\">\n\t\t\t\t<div class=\"elementor-element elementor-element-e6bc32e elementor-widget elementor-widget-text-editor\" data-id=\"e6bc32e\" data-element_type=\"widget\" data-widget_type=\"text-editor.default\">\n\t\t\t\t<div class=\"elementor-widget-container\">\n\t\t\t\t\t\t\t<p>Anfragen zu Webinaren, Seminaren, oder Kursformaten gern per Email. <br \/>Der Austausch erfolgt selbstverst\u00e4ndlich unverbindlich.<\/p><p><a href=\"mailto:info@im-kerngesund.de\">info@im-kerngesund.de<\/a>\u00a0<\/p><p>Weitere Einblicke und Informationen folgen zu einem sp\u00e4teren Zeitpunkt auf unseren Social Media Kan\u00e4len.<\/p>\t\t\t\t\t\t<\/div>\n\t\t\t\t<\/div>\n\t\t\t\t<\/div>\n\t\t\t\t\t<\/div>\n\t\t\t\t<\/div>\n\t\t<div class=\"elementor-element elementor-element-be71e3f e-flex e-con-boxed e-con e-parent\" data-id=\"be71e3f\" data-element_type=\"container\">\n\t\t\t\t\t<div class=\"e-con-inner\">\n\t\t<div class=\"elementor-element elementor-element-503a0ce e-con-full e-flex e-con e-child\" data-id=\"503a0ce\" data-element_type=\"container\">\n\t\t\t\t<div class=\"elementor-element elementor-element-258b24e elementor-widget elementor-widget-heading\" data-id=\"258b24e\" data-element_type=\"widget\" data-widget_type=\"heading.default\">\n\t\t\t\t<div class=\"elementor-widget-container\">\n\t\t\t<h2 class=\"elementor-heading-title elementor-size-default\">Bewusstsein<\/h2>\t\t<\/div>\n\t\t\t\t<\/div>\n\t\t\t\t<div class=\"elementor-element elementor-element-bc54ea5 elementor-widget elementor-widget-image\" data-id=\"bc54ea5\" data-element_type=\"widget\" data-widget_type=\"image.default\">\n\t\t\t\t<div class=\"elementor-widget-container\">\n\t\t\t\t\t\t\t\t\t\t\t\t\t<img decoding=\"async\" src=\"https:\/\/www.im-kerngesund.de\/wp-content\/uploads\/elementor\/thumbs\/Kategorie-Early-Bird-qpxkypajuavaoprasd2n6bhdrmr90vuppww29z8cbg.png\" title=\"Kategorie Early Bird\" alt=\"\" loading=\"lazy\" \/>\t\t\t\t\t\t\t\t\t\t\t\t\t<\/div>\n\t\t\t\t<\/div>\n\t\t\t\t<div class=\"elementor-element elementor-element-743e31a elementor-widget elementor-widget-text-editor\" data-id=\"743e31a\" data-element_type=\"widget\" data-widget_type=\"text-editor.default\">\n\t\t\t\t<div class=\"elementor-widget-container\">\n\t\t\t\t\t\t\t<p>Ziel unserer Arbeit ist es, ein Bewusstsein daf\u00fcr zu schaffen, wie gesellschaftliche, historische und pers\u00f6nliche Pr\u00e4gungen unseren Umgang mit Absicherung beeinflussen.<\/p>\t\t\t\t\t\t<\/div>\n\t\t\t\t<\/div>\n\t\t\t\t<\/div>\n\t\t<div class=\"elementor-element elementor-element-2340ef9 e-con-full e-flex e-con e-child\" data-id=\"2340ef9\" data-element_type=\"container\">\n\t\t\t\t<div class=\"elementor-element elementor-element-d1c856b elementor-widget elementor-widget-heading\" data-id=\"d1c856b\" data-element_type=\"widget\" data-widget_type=\"heading.default\">\n\t\t\t\t<div class=\"elementor-widget-container\">\n\t\t\t<h2 class=\"elementor-heading-title elementor-size-default\">Orientierung<\/h2>\t\t<\/div>\n\t\t\t\t<\/div>\n\t\t\t\t<div class=\"elementor-element elementor-element-07f895e elementor-widget elementor-widget-image\" data-id=\"07f895e\" data-element_type=\"widget\" data-widget_type=\"image.default\">\n\t\t\t\t<div class=\"elementor-widget-container\">\n\t\t\t\t\t\t\t\t\t\t\t\t\t<img decoding=\"async\" width=\"150\" height=\"150\" src=\"https:\/\/www.im-kerngesund.de\/wp-content\/uploads\/2024\/04\/Gedanken-150x150.png\" class=\"attachment-thumbnail size-thumbnail wp-image-683\" alt=\"\" srcset=\"https:\/\/www.im-kerngesund.de\/wp-content\/uploads\/2024\/04\/Gedanken-150x150.png 150w, https:\/\/www.im-kerngesund.de\/wp-content\/uploads\/2024\/04\/Gedanken-300x300.png 300w, https:\/\/www.im-kerngesund.de\/wp-content\/uploads\/2024\/04\/Gedanken-600x600.png 600w, https:\/\/www.im-kerngesund.de\/wp-content\/uploads\/2024\/04\/Gedanken.png 640w\" sizes=\"(max-width: 150px) 100vw, 150px\" \/>\t\t\t\t\t\t\t\t\t\t\t\t\t<\/div>\n\t\t\t\t<\/div>\n\t\t\t\t<div class=\"elementor-element elementor-element-e2cd171 elementor-widget elementor-widget-text-editor\" data-id=\"e2cd171\" data-element_type=\"widget\" data-widget_type=\"text-editor.default\">\n\t\t\t\t<div class=\"elementor-widget-container\">\n\t\t\t\t\t\t\t<p>Ziel unserer Arbeit ist es, Orientierung zu geben, indem individuelle Fragen und Unsicherheiten in gr\u00f6\u00dfere Zusammenh\u00e4nge eingeordnet werden.<\/p>\t\t\t\t\t\t<\/div>\n\t\t\t\t<\/div>\n\t\t\t\t<\/div>\n\t\t<div class=\"elementor-element elementor-element-41ba966 e-con-full e-flex e-con e-child\" data-id=\"41ba966\" data-element_type=\"container\">\n\t\t\t\t<div class=\"elementor-element elementor-element-bed8aa1 elementor-widget elementor-widget-heading\" data-id=\"bed8aa1\" data-element_type=\"widget\" data-widget_type=\"heading.default\">\n\t\t\t\t<div class=\"elementor-widget-container\">\n\t\t\t<h2 class=\"elementor-heading-title elementor-size-default\">Prozess<\/h2>\t\t<\/div>\n\t\t\t\t<\/div>\n\t\t\t\t<div class=\"elementor-element elementor-element-619742e elementor-widget elementor-widget-image\" data-id=\"619742e\" data-element_type=\"widget\" data-widget_type=\"image.default\">\n\t\t\t\t<div class=\"elementor-widget-container\">\n\t\t\t\t\t\t\t\t\t\t\t\t\t<img decoding=\"async\" src=\"https:\/\/www.im-kerngesund.de\/wp-content\/uploads\/elementor\/thumbs\/Kategorie-InsideKV-qpxkyb6yzsbzukbs2oz8mx1guuoqtfaqnz3s2tt8ws.png\" title=\"Kategorie InsideKV\" alt=\"\" loading=\"lazy\" \/>\t\t\t\t\t\t\t\t\t\t\t\t\t<\/div>\n\t\t\t\t<\/div>\n\t\t\t\t<div class=\"elementor-element elementor-element-59615ab elementor-widget__width-initial elementor-widget elementor-widget-text-editor\" data-id=\"59615ab\" data-element_type=\"widget\" data-widget_type=\"text-editor.default\">\n\t\t\t\t<div class=\"elementor-widget-container\">\n\t\t\t\t\t\t\t<p>Ziel unserer Arbeit ist es, ein Verst\u00e4ndnis daf\u00fcr zu vermitteln, dass nachhaltige Entscheidungen durch Reflexion, Entwicklung und Wiederholung entstehen.<\/p>\t\t\t\t\t\t<\/div>\n\t\t\t\t<\/div>\n\t\t\t\t<\/div>\n\t\t<div class=\"elementor-element elementor-element-9ce1c5f e-con-full e-flex e-con e-child\" data-id=\"9ce1c5f\" data-element_type=\"container\">\n\t\t\t\t<div class=\"elementor-element elementor-element-ce712b6 elementor-widget elementor-widget-heading\" data-id=\"ce712b6\" data-element_type=\"widget\" data-widget_type=\"heading.default\">\n\t\t\t\t<div class=\"elementor-widget-container\">\n\t\t\t<h2 class=\"elementor-heading-title elementor-size-default\">Selbstwirksamkeit<\/h2>\t\t<\/div>\n\t\t\t\t<\/div>\n\t\t\t\t<div class=\"elementor-element elementor-element-67963f3 elementor-widget elementor-widget-image\" data-id=\"67963f3\" data-element_type=\"widget\" data-widget_type=\"image.default\">\n\t\t\t\t<div class=\"elementor-widget-container\">\n\t\t\t\t\t\t\t\t\t\t\t\t\t<img decoding=\"async\" src=\"https:\/\/www.im-kerngesund.de\/wp-content\/uploads\/elementor\/thumbs\/Out-of-the-Box-qpxkyq8e14wl0bpxmvh9qt8ud0mm8kyg21jjr96y58.png\" title=\"Out of the Box\" alt=\"\" loading=\"lazy\" \/>\t\t\t\t\t\t\t\t\t\t\t\t\t<\/div>\n\t\t\t\t<\/div>\n\t\t\t\t<div class=\"elementor-element elementor-element-594cc4c elementor-widget elementor-widget-text-editor\" data-id=\"594cc4c\" data-element_type=\"widget\" data-widget_type=\"text-editor.default\">\n\t\t\t\t<div class=\"elementor-widget-container\">\n\t\t\t\t\t\t\t<p>Ziel unserer Arbeit ist es, Menschen zu bef\u00e4higen Zusammenh\u00e4nge zu verstehen und daraus Handlungsf\u00e4higkeit zu entwickeln.\u00a0<\/p>\t\t\t\t\t\t<\/div>\n\t\t\t\t<\/div>\n\t\t\t\t<\/div>\n\t\t\t\t\t<\/div>\n\t\t\t\t<\/div>\n\t\t<div class=\"elementor-element elementor-element-7f51608 e-flex e-con-boxed e-con e-parent\" data-id=\"7f51608\" data-element_type=\"container\">\n\t\t\t\t\t<div class=\"e-con-inner\">\n\t\t\t\t<div class=\"elementor-element elementor-element-9861b59 elementor-widget-divider--view-line elementor-widget elementor-widget-divider\" data-id=\"9861b59\" data-element_type=\"widget\" data-widget_type=\"divider.default\">\n\t\t\t\t<div class=\"elementor-widget-container\">\n\t\t\t\t\t<div class=\"elementor-divider\">\n\t\t\t<span class=\"elementor-divider-separator\">\n\t\t\t\t\t\t<\/span>\n\t\t<\/div>\n\t\t\t\t<\/div>\n\t\t\t\t<\/div>\n\t\t\t\t\t<\/div>\n\t\t\t\t<\/div>\n\t\t\t\t<\/div>\n\t\t","protected":false},"excerpt":{"rendered":"<p>Wir begleiten Menschen dabei, Absicherung neu zu denken \u2013 als Prozess, nicht als Produkt. Die Idee In den letzten Jahren ist in uns der Wunsch gereift die vielschichtigen Eindr\u00fccke aus unserem Beruf zu teilen und in ein gemeinsames Projekt einzubringen. Als jahrelang eingespieltes Team einer Krankenversicherungsagentur befassen wir uns t\u00e4glich intensiv mit dem Thema Kommunikation [&hellip;]<\/p>\n","protected":false},"author":1,"featured_media":0,"parent":0,"menu_order":0,"comment_status":"closed","ping_status":"closed","template":"","meta":{"rank_math_lock_modified_date":false,"footnotes":""},"class_list":["post-12","page","type-page","status-publish","hentry","entry"],"_links":{"self":[{"href":"https:\/\/www.im-kerngesund.de\/index.php\/wp-json\/wp\/v2\/pages\/12","targetHints":{"allow":["GET"]}}],"collection":[{"href":"https:\/\/www.im-kerngesund.de\/index.php\/wp-json\/wp\/v2\/pages"}],"about":[{"href":"https:\/\/www.im-kerngesund.de\/index.php\/wp-json\/wp\/v2\/types\/page"}],"author":[{"embeddable":true,"href":"https:\/\/www.im-kerngesund.de\/index.php\/wp-json\/wp\/v2\/users\/1"}],"replies":[{"embeddable":true,"href":"https:\/\/www.im-kerngesund.de\/index.php\/wp-json\/wp\/v2\/comments?post=12"}],"version-history":[{"count":436,"href":"https:\/\/www.im-kerngesund.de\/index.php\/wp-json\/wp\/v2\/pages\/12\/revisions"}],"predecessor-version":[{"id":1394,"href":"https:\/\/www.im-kerngesund.de\/index.php\/wp-json\/wp\/v2\/pages\/12\/revisions\/1394"}],"wp:attachment":[{"href":"https:\/\/www.im-kerngesund.de\/index.php\/wp-json\/wp\/v2\/media?parent=12"}],"curies":[{"name":"wp","href":"https:\/\/api.w.org\/{rel}","templated":true}]}}