{"id":1197,"date":"2026-02-11T17:08:22","date_gmt":"2026-02-11T17:08:22","guid":{"rendered":"https:\/\/www.im-kerngesund.de\/?page_id=1197"},"modified":"2026-02-11T17:09:07","modified_gmt":"2026-02-11T17:09:07","slug":"mode-und-emotionen","status":"publish","type":"page","link":"https:\/\/www.im-kerngesund.de\/index.php\/mode-und-emotionen\/","title":{"rendered":"Mode und Emotionen"},"content":{"rendered":"\t\t<div data-elementor-type=\"wp-page\" data-elementor-id=\"1197\" class=\"elementor elementor-1197\" data-elementor-post-type=\"page\">\n\t\t\t\t<div class=\"elementor-element elementor-element-1acbf81 e-flex e-con-boxed e-con e-parent\" data-id=\"1acbf81\" data-element_type=\"container\">\n\t\t\t\t\t<div class=\"e-con-inner\">\n\t\t\t\t<div class=\"elementor-element elementor-element-44366c7 elementor-widget elementor-widget-heading\" data-id=\"44366c7\" data-element_type=\"widget\" data-widget_type=\"heading.default\">\n\t\t\t\t<div class=\"elementor-widget-container\">\n\t\t\t<h2 class=\"elementor-heading-title elementor-size-default\">Mode und Emotionen<\/h2>\t\t<\/div>\n\t\t\t\t<\/div>\n\t\t\t\t\t<\/div>\n\t\t\t\t<\/div>\n\t\t<div class=\"elementor-element elementor-element-ab7cfaa e-flex e-con-boxed e-con e-parent\" data-id=\"ab7cfaa\" data-element_type=\"container\">\n\t\t\t\t\t<div class=\"e-con-inner\">\n\t\t\t\t<div class=\"elementor-element elementor-element-d7336b6 elementor-widget elementor-widget-text-editor\" data-id=\"d7336b6\" data-element_type=\"widget\" data-widget_type=\"text-editor.default\">\n\t\t\t\t<div class=\"elementor-widget-container\">\n\t\t\t\t\t\t\t<p>m t\u00e4glichen Leben begegnet uns Mode in vielf\u00e4ltigen Facetten \u2013 sei es beim morgendlichen Anziehen, dem Einkaufen, in sozialen Medien, der Werbung oder bei besonderen Veranstaltungen.<br \/>Sie geht weit \u00fcber den Stoff hinaus und pr\u00e4gt entscheidend den ersten Eindruck, den wir auf andere hinterlassen. Als essenzieller Bestandteil unserer nonverbalen Kommunikation ist sie jedoch nur eine von vielen Komponenten.<\/p><p>Doch warum erleben so viele Menschen die Suche nach ihrem eigenen Stil als echte Herausforderung?<\/p><p>Der Druck, gesellschaftlichen Erwartungen oder beruflichen Dresscodes zu gen\u00fcgen, sowie mangelnde Klarheit \u00fcber die eigene Pers\u00f6nlichkeit, Pr\u00e4ferenzen oder finanzielle Mittel k\u00f6nnen hierbei eine Rolle spielen.<\/p><p>Es mag zwar Menschen geben, denen Mode angeblich egal ist, doch selbst diese Gleichg\u00fcltigkeit ist eine Form der individuellen Ausdrucksweise.<br \/>Zahlreiche Studien besch\u00e4ftigen sich mit dem Einfluss von Mode auf unsere Psyche und Emotionen.<br \/>Kleidung hat nicht nur \u00e4u\u00dferliche Auswirkungen, sondern beeinflusst auch innere Entwicklungen. Wir sind der Meinung, dass die bewusste Auseinandersetzung mit Mode und Emotionen nachhaltig unser pers\u00f6nliches Wohlbefinden und Selbstbewusstsein beeinflussen kann.<\/p><p>Bei ImKerngesund m\u00f6chten wir Menschen dazu zu ermutigen, bewusster \u00fcber ihre Kleidung nachzudenken. Mode kann einen starken Einfluss auf Emotionen in der Au\u00dfenwelt haben, da sie oft Ausdruck der Pers\u00f6nlichkeit und Stimmung ist.<\/p><p>Daher gehen wir \u00fcber das rein \u00c4u\u00dferliche hinaus und werfen einen Blick hinter die Kulissen der Modewelt. Wir beleuchten Aspekte wie Nachhaltigkeit und Fairtrade, erkunden die Queer-Szene, reflektieren die Verbindung von Mode und Identit\u00e4t, stellen innovative Ans\u00e4tze vor, betrachten interessante Labels und ihre Botschaften genauer.\u00a0<\/p><p>\u201eDie Welt der Mode hat weit mehr zu bieten, als auf den ersten Blick ersichtlich ist\u201c.<\/p>\t\t\t\t\t\t<\/div>\n\t\t\t\t<\/div>\n\t\t\t\t\t<\/div>\n\t\t\t\t<\/div>\n\t\t\t\t<\/div>\n\t\t","protected":false},"excerpt":{"rendered":"<p>Mode und Emotionen m t\u00e4glichen Leben begegnet uns Mode in vielf\u00e4ltigen Facetten \u2013 sei es beim morgendlichen Anziehen, dem Einkaufen, in sozialen Medien, der Werbung oder bei besonderen Veranstaltungen.Sie geht weit \u00fcber den Stoff hinaus und pr\u00e4gt entscheidend den ersten Eindruck, den wir auf andere hinterlassen. Als essenzieller Bestandteil unserer nonverbalen Kommunikation ist sie jedoch [&hellip;]<\/p>\n","protected":false},"author":1,"featured_media":0,"parent":0,"menu_order":0,"comment_status":"closed","ping_status":"closed","template":"","meta":{"rank_math_lock_modified_date":false,"footnotes":""},"class_list":["post-1197","page","type-page","status-publish","hentry","entry"],"_links":{"self":[{"href":"https:\/\/www.im-kerngesund.de\/index.php\/wp-json\/wp\/v2\/pages\/1197","targetHints":{"allow":["GET"]}}],"collection":[{"href":"https:\/\/www.im-kerngesund.de\/index.php\/wp-json\/wp\/v2\/pages"}],"about":[{"href":"https:\/\/www.im-kerngesund.de\/index.php\/wp-json\/wp\/v2\/types\/page"}],"author":[{"embeddable":true,"href":"https:\/\/www.im-kerngesund.de\/index.php\/wp-json\/wp\/v2\/users\/1"}],"replies":[{"embeddable":true,"href":"https:\/\/www.im-kerngesund.de\/index.php\/wp-json\/wp\/v2\/comments?post=1197"}],"version-history":[{"count":5,"href":"https:\/\/www.im-kerngesund.de\/index.php\/wp-json\/wp\/v2\/pages\/1197\/revisions"}],"predecessor-version":[{"id":1202,"href":"https:\/\/www.im-kerngesund.de\/index.php\/wp-json\/wp\/v2\/pages\/1197\/revisions\/1202"}],"wp:attachment":[{"href":"https:\/\/www.im-kerngesund.de\/index.php\/wp-json\/wp\/v2\/media?parent=1197"}],"curies":[{"name":"wp","href":"https:\/\/api.w.org\/{rel}","templated":true}]}}