{"id":1183,"date":"2026-02-11T16:57:33","date_gmt":"2026-02-11T16:57:33","guid":{"rendered":"https:\/\/www.im-kerngesund.de\/?page_id=1183"},"modified":"2026-02-11T16:58:01","modified_gmt":"2026-02-11T16:58:01","slug":"es-ist-nie-zu-frueh-fuer-finanzielle-bildung","status":"publish","type":"page","link":"https:\/\/www.im-kerngesund.de\/index.php\/es-ist-nie-zu-frueh-fuer-finanzielle-bildung\/","title":{"rendered":"Es ist nie zu fr\u00fch f\u00fcr finanzielle Bildung"},"content":{"rendered":"\t\t<div data-elementor-type=\"wp-page\" data-elementor-id=\"1183\" class=\"elementor elementor-1183\" data-elementor-post-type=\"page\">\n\t\t\t\t<div class=\"elementor-element elementor-element-e2de998 e-flex e-con-boxed e-con e-parent\" data-id=\"e2de998\" data-element_type=\"container\">\n\t\t\t\t\t<div class=\"e-con-inner\">\n\t\t\t\t<div class=\"elementor-element elementor-element-5fb389e elementor-widget elementor-widget-heading\" data-id=\"5fb389e\" data-element_type=\"widget\" data-widget_type=\"heading.default\">\n\t\t\t\t<div class=\"elementor-widget-container\">\n\t\t\t<h2 class=\"elementor-heading-title elementor-size-default\">Es ist nie zu fr\u00fch f\u00fcr finanzielle Bildung<\/h2>\t\t<\/div>\n\t\t\t\t<\/div>\n\t\t\t\t<div class=\"elementor-element elementor-element-6a55bc3 elementor-widget elementor-widget-text-editor\" data-id=\"6a55bc3\" data-element_type=\"widget\" data-widget_type=\"text-editor.default\">\n\t\t\t\t<div class=\"elementor-widget-container\">\n\t\t\t\t\t\t\t<p>Viele junge Menschen wissen gar nicht, wie wichtig das Thema Finanzen ist. Nat\u00fcrlich, warum auch? Von allein wird sich niemand freiwillig damit auseinandersetzen.<\/p><p>Aus eigener Erfahrung wei\u00df ich, dass das Thema Finanzen oft vernachl\u00e4ssigt wird, insbesondere bei jungen Menschen und in Familien mit Migrationshintergrund. F\u00fcr Familien mit Migrationshintergrund kann die finanzielle Bildung eine zus\u00e4tzliche Herausforderung darstellen, da sie oft mit anderen Priorit\u00e4ten konfrontiert sind, wie dem \u00dcberleben in einem neuen Land und dem Aufbau einer Existenzgrundlage. Doch auch f\u00fcr sie ist es wichtig, sich mit dem Thema Finanzen auseinanderzusetzen, um langfristige Ziele zu erreichen und finanzielle Stabilit\u00e4t zu erlangen.<\/p><p>In der Schule lernt man nichts dar\u00fcber, und auch von den Eltern erh\u00e4lt das Thema oft zu wenig Aufmerksamkeit, sei es aus Mangel an Wissen oder anderen Gr\u00fcnden. Dabei ist finanzielle Bildung von entscheidender Bedeutung f\u00fcr die Zukunftssicherung und das Wohlergehen eines jeden Einzelnen.<\/p><p>Es ist verst\u00e4ndlich, dass das Thema Finanzen zun\u00e4chst langweilig oder einsch\u00fcchternd wirken kann \u2013 so war es zumindest bei mir. Die Komplexit\u00e4t und die Vielzahl von Begriffen und Produkten k\u00f6nnen \u00fcberw\u00e4ltigend sein. Zum Gl\u00fcck habe ich diese Ausbildung angefangen; sonst h\u00e4tte ich mich wohl nie damit auseinandergesetzt, da einfach zu wenig Erfahrung und Wissen vorhanden war. F\u00fcr mich war das Thema nie relevant, weil ich nie mitbekommen habe, wie wichtig es ist. Wir wissen auch alle, wie es in Deutschland mit der Rente aussieht: Hat man nicht in fr\u00fchen Jahren vorgesorgt, so hat man sp\u00e4ter nur eine minimale Rente, mit der kein Mensch wirklich auskommen kann.<\/p><p>Es ist wichtig, jungen Menschen beizubringen, wie sie ihre Finanzen verwalten, sparen und investieren k\u00f6nnen. Selbst kleine Betr\u00e4ge von 25 \u20ac k\u00f6nnen im Laufe der Zeit erheblich wachsen, wenn sie intelligent angelegt werden. Durch die richtige Planung und Vorsorge k\u00f6nnen sie sich ein finanziell stabiles Leben aufbauen und f\u00fcr ihr zuk\u00fcnftiges Wohlergehen sorgen.<\/p><p>Als ich angefangen habe, mich mit dem Thema Finanzen zu besch\u00e4ftigen, hatte ich schnell den Eindruck, dass es nichts f\u00fcr mich ist. Es war mir auch peinlich zuzugeben, dass ich eigentlich keine Ahnung habe und bemerkt habe, dass mir finanzielle Bildung fehlt. Es geht vielen so, dass man sich zun\u00e4chst \u00fcberw\u00e4ltigt f\u00fchlt und nicht wei\u00df, wie man sich dem Thema n\u00e4hern soll. Mir ging es genau so. Lass dich nicht entmutigen \u2013 du bist damit nicht allein! Es gibt viele Wege, sich Schritt f\u00fcr Schritt einzuarbeiten, sei es durch B\u00fccher, Kurse oder pers\u00f6nliche Beratung.<\/p><p>F\u00fcr einen ersten \u00dcberblick finde ich die Informationsbrosch\u00fcre der Bundesanstalt f\u00fcr Finanzdienstleistungsaufsicht (BAFIN)<a href=\"https:\/\/www.bafin.de\/SharedDocs\/Downloads\/DE\/Broschuere\/dl_b_geldanlage_junge_Erwachsene.html\" target=\"_blank\" rel=\"noopener\"> \u201eWas junge Menschen \u00fcber Geld wissen sollten.\u201c <\/a>sch\u00f6n \u00fcbersichtlich.\u00a0<\/p><p>F\u00fcr deine Fragen danach gibt es zum Gl\u00fcck zahlreiche Agenturen und beratende Personen, die sich auf die Bed\u00fcrfnisse junger Menschen einstellen und sie auf Augenh\u00f6he abholen.<\/p><p>Ich war selbst skeptisch, als ich im Zuge meiner Ausbildung im Vertrieb einer Versicherungsagentur arbeiten musste. Ich hatte das Klischee im Kopf, dass es nur um Verkauf geht.<\/p><p>Die <a href=\"https:\/\/tina-akua-reimer-dkv.ergo.de\/de\/Agentur\" target=\"_blank\" rel=\"noopener\">Agentur,<\/a> in der ich gelandet bin, ist anders. W\u00e4hrend meiner Hospitation habe ich erst wirklich verstanden, worum es bei der Absicherung durch Versicherungen geht \u2013 sei es f\u00fcr die Gesundheit oder die Altersvorsorge. Hier geht es nicht nur um den Verkauf von Policen, sondern um den Menschen hinter den Zahlen.<\/p><p>Es geht um eine ganzheitliche Betrachtung des Lebens, um das Verst\u00e4ndnis f\u00fcr die verschiedenen Situationen, in die wir alle geraten k\u00f6nnen. Es geht darum, dass jeder von uns sich mit bestimmten Themen auseinandersetzen sollte, um zu verstehen, wie unser Sozialsystem funktioniert. Nur so k\u00f6nnen wir realistische Entscheidungen treffen, die zu unserem Leben und unseren finanziellen M\u00f6glichkeiten passen.<\/p><p>Also, lass dich nicht von Vorurteilen abschrecken. Es gibt Ansprechpersonen da drau\u00dfen, die sich wirklich um die Menschen k\u00fcmmern und sie auf ihrem Weg zu einer sicheren Zukunft begleiten.<\/p>\t\t\t\t\t\t<\/div>\n\t\t\t\t<\/div>\n\t\t\t\t\t<\/div>\n\t\t\t\t<\/div>\n\t\t\t\t<\/div>\n\t\t","protected":false},"excerpt":{"rendered":"<p>Es ist nie zu fr\u00fch f\u00fcr finanzielle Bildung Viele junge Menschen wissen gar nicht, wie wichtig das Thema Finanzen ist. Nat\u00fcrlich, warum auch? Von allein wird sich niemand freiwillig damit auseinandersetzen. Aus eigener Erfahrung wei\u00df ich, dass das Thema Finanzen oft vernachl\u00e4ssigt wird, insbesondere bei jungen Menschen und in Familien mit Migrationshintergrund. F\u00fcr Familien mit [&hellip;]<\/p>\n","protected":false},"author":1,"featured_media":0,"parent":0,"menu_order":0,"comment_status":"closed","ping_status":"closed","template":"","meta":{"rank_math_lock_modified_date":false,"footnotes":""},"class_list":["post-1183","page","type-page","status-publish","hentry","entry"],"_links":{"self":[{"href":"https:\/\/www.im-kerngesund.de\/index.php\/wp-json\/wp\/v2\/pages\/1183","targetHints":{"allow":["GET"]}}],"collection":[{"href":"https:\/\/www.im-kerngesund.de\/index.php\/wp-json\/wp\/v2\/pages"}],"about":[{"href":"https:\/\/www.im-kerngesund.de\/index.php\/wp-json\/wp\/v2\/types\/page"}],"author":[{"embeddable":true,"href":"https:\/\/www.im-kerngesund.de\/index.php\/wp-json\/wp\/v2\/users\/1"}],"replies":[{"embeddable":true,"href":"https:\/\/www.im-kerngesund.de\/index.php\/wp-json\/wp\/v2\/comments?post=1183"}],"version-history":[{"count":5,"href":"https:\/\/www.im-kerngesund.de\/index.php\/wp-json\/wp\/v2\/pages\/1183\/revisions"}],"predecessor-version":[{"id":1188,"href":"https:\/\/www.im-kerngesund.de\/index.php\/wp-json\/wp\/v2\/pages\/1183\/revisions\/1188"}],"wp:attachment":[{"href":"https:\/\/www.im-kerngesund.de\/index.php\/wp-json\/wp\/v2\/media?parent=1183"}],"curies":[{"name":"wp","href":"https:\/\/api.w.org\/{rel}","templated":true}]}}